{"id":1768,"date":"2022-05-09T16:00:18","date_gmt":"2022-05-09T16:00:18","guid":{"rendered":"http:\/\/caljoli.com\/?page_id=1768"},"modified":"2022-05-11T06:33:13","modified_gmt":"2022-05-11T06:33:13","slug":"disclamer","status":"publish","type":"page","link":"https:\/\/caljoli.com\/ca\/disclamer\/","title":{"rendered":"Disclamer"},"content":{"rendered":"\t\t<div data-elementor-type=\"wp-page\" data-elementor-id=\"1768\" class=\"elementor elementor-1768\" data-elementor-post-type=\"page\">\n\t\t\t\t\t\t<section class=\"elementor-section elementor-top-section elementor-element elementor-element-184ab5b elementor-section-full_width elementor-section-height-default elementor-section-height-default\" data-id=\"184ab5b\" data-element_type=\"section\">\n\t\t\t\t\t\t<div class=\"elementor-container elementor-column-gap-default\">\n\t\t\t\t\t<div class=\"elementor-column elementor-col-50 elementor-top-column elementor-element elementor-element-458dd88\" data-id=\"458dd88\" data-element_type=\"column\">\n\t\t\t<div class=\"elementor-widget-wrap elementor-element-populated\">\n\t\t\t\t\t\t<div class=\"elementor-element elementor-element-8c9f8f4 elementor-widget elementor-widget-heading\" data-id=\"8c9f8f4\" data-element_type=\"widget\" data-widget_type=\"heading.default\">\n\t\t\t\t<div class=\"elementor-widget-container\">\n\t\t\t\t\t<h1 class=\"elementor-heading-title elementor-size-default\">Bookings<\/h1>\t\t\t\t<\/div>\n\t\t\t\t<\/div>\n\t\t\t\t\t<\/div>\n\t\t<\/div>\n\t\t\t\t<div class=\"elementor-column elementor-col-50 elementor-top-column elementor-element elementor-element-4e2d6b7\" data-id=\"4e2d6b7\" data-element_type=\"column\">\n\t\t\t<div class=\"elementor-widget-wrap elementor-element-populated\">\n\t\t\t\t\t\t<div class=\"elementor-element elementor-element-15dfac7 elementor-widget elementor-widget-text-editor\" data-id=\"15dfac7\" data-element_type=\"widget\" data-widget_type=\"text-editor.default\">\n\t\t\t\t<div class=\"elementor-widget-container\">\n\t\t\t\t\t\t\t\t\t<p><u>Check-in\/Check-out<\/u><\/p>\n<p>Tenim&nbsp;una estada m\u00ednima de 2 nits. L\u2019hora del Check-in comen\u00e7a a les 17h. L\u2019hora del Check out \u00e9s a les 10:00h<\/p>\n<p><\/p>\n<p><span style=\"text-decoration: underline;\">Tarifa<\/span><\/p>\n<p>Els preus estan en euros i inclouen tots els impostos i servei de neteja.<\/p>\n<p><\/p>\n<p><span style=\"text-decoration: underline;\">Pol\u00edtica de pagament<\/span><\/p>\n<p><span style=\"font-weight: 400;\">El 50% del total s\u2019ha d\u2019efectuar per transfer\u00e8ncia banc\u00e0ria m\u00e9s una fian\u00e7a de danys de 300\u20ac. La resta del pagament s\u2019efectua al arribar a Cal Joli el dia del check-in. La fian\u00e7a es retornar\u00e0 el dia del Check-out.<\/span><\/p>\n<p><\/p>\n<p><span style=\"text-decoration: underline;\">Devoluci\u00f3<\/span><\/p>\n<p><span style=\"font-weight: 400;\">Es retornar\u00e0 tot l\u2019import quan es cancel\u00b7li la reserva 60 dies abans del dia del check-in. Si es cancel\u00b7la entre 30-60 es retornar\u00e0 el 50% de la reserva. Si la reserva es cancel\u00b7la 30 dies o menys abans de l\u2019estada, no es retornar\u00e0 l\u2019import.<\/span><\/p>\t\t\t\t\t\t\t\t<\/div>\n\t\t\t\t<\/div>\n\t\t\t\t\t<\/div>\n\t\t<\/div>\n\t\t\t\t\t<\/div>\n\t\t<\/section>\n\t\t\t\t<section class=\"elementor-section elementor-top-section elementor-element elementor-element-e5b079b elementor-section-full_width elementor-section-height-default elementor-section-height-default\" data-id=\"e5b079b\" data-element_type=\"section\">\n\t\t\t\t\t\t<div class=\"elementor-container elementor-column-gap-default\">\n\t\t\t\t\t<div class=\"elementor-column elementor-col-50 elementor-top-column elementor-element elementor-element-fd3ee84\" data-id=\"fd3ee84\" data-element_type=\"column\">\n\t\t\t<div class=\"elementor-widget-wrap elementor-element-populated\">\n\t\t\t\t\t\t<div class=\"elementor-element elementor-element-26df8c7 elementor-widget elementor-widget-heading\" data-id=\"26df8c7\" data-element_type=\"widget\" data-widget_type=\"heading.default\">\n\t\t\t\t<div class=\"elementor-widget-container\">\n\t\t\t\t\t<h1 class=\"elementor-heading-title elementor-size-default\">Politiques<\/h1>\t\t\t\t<\/div>\n\t\t\t\t<\/div>\n\t\t\t\t\t<\/div>\n\t\t<\/div>\n\t\t\t\t<div class=\"elementor-column elementor-col-50 elementor-top-column elementor-element elementor-element-45d2b33\" data-id=\"45d2b33\" data-element_type=\"column\">\n\t\t\t<div class=\"elementor-widget-wrap elementor-element-populated\">\n\t\t\t\t\t\t<div class=\"elementor-element elementor-element-5dadc67 elementor-widget elementor-widget-text-editor\" data-id=\"5dadc67\" data-element_type=\"widget\" data-widget_type=\"text-editor.default\">\n\t\t\t\t<div class=\"elementor-widget-container\">\n\t\t\t\t\t\t\t\t\t<p><span style=\"text-decoration: underline;\">Disponibilitat i preus<\/span><\/p><p><span style=\"font-weight: 400;\">Cal Joli no es fa responsable legalment de errors i omissions en la disponibilitat i preu que es mostren a la web. Tanmateix, si trobeu alguna cosa que no \u00e9s correcta, agrairem que ens ho feu saber.<\/span><\/p><p><span style=\"text-decoration: underline;\">Contingut<\/span><\/p><p><span style=\"font-weight: 400;\">Cal Joli no es fa responsable de la informaci\u00f3 basada en dades de terceres persones, aix\u00ed com informaci\u00f3 d\u2019inter\u00e8s tur\u00edstic, events i dades de l\u2019entorn. Aquestes dades poden variar amb el temps i Cal Joli no es fa responsable.<\/span><\/p><p><span style=\"text-decoration: underline;\">Disponibilitat t\u00e8cnica<\/span><\/p><p><span style=\"font-weight: 400;\">Ens esforcem pel bon funcionament de la web. Si alguna cosa no funciona be farem tot el possible per arreglar-ho.<\/span><\/p><p><span style=\"text-decoration: underline;\">Protecci\u00f3 de la propietat intel\u00b7lectual<\/span><\/p><p><span style=\"font-weight: 400;\">Aquesta web \u00e9s propietat intelectual de Cal Joli, La reproducci\u00f3 i\/o distribuci\u00f3 requereix de perm\u00eds per escrit de Cal Joli. La utilitzaci\u00f3 de la marca Cal Joli, el seu nom i logos nos est\u00e0 perm\u00e8s sense l\u2019autoritzaci\u00f3 per escrit.<\/span><\/p><p><span style=\"text-decoration: underline;\">Llei aplicable<\/span><\/p><p><span style=\"font-weight: 400;\">La relaci\u00f3 entre Cal Joli i l\u2019usuari d\u2019aquesta web es regir\u00e0 per la normativa espanyola vigent.<\/span><\/p>\t\t\t\t\t\t\t\t<\/div>\n\t\t\t\t<\/div>\n\t\t\t\t\t<\/div>\n\t\t<\/div>\n\t\t\t\t\t<\/div>\n\t\t<\/section>\n\t\t\t\t<\/div>\n\t\t","protected":false},"excerpt":{"rendered":"<p>Bookings Check-in\/Check-out Tenim&nbsp;una estada m\u00ednima de 2 nits. L\u2019hora del Check-in comen\u00e7a a les 17h. L\u2019hora del Check out \u00e9s a les 10:00h Tarifa Els preus estan en euros i inclouen tots els impostos i servei de neteja. Pol\u00edtica de pagament El 50% del total s\u2019ha d\u2019efectuar per transfer\u00e8ncia banc\u00e0ria m\u00e9s una fian\u00e7a de danys [&hellip;]<\/p>\n","protected":false},"author":1,"featured_media":0,"parent":0,"menu_order":0,"comment_status":"closed","ping_status":"closed","template":"","meta":{"footnotes":""},"class_list":["post-1768","page","type-page","status-publish","hentry"],"acf":[],"yoast_head":"<!-- This site is optimized with the Yoast SEO plugin v23.9 - https:\/\/yoast.com\/wordpress\/plugins\/seo\/ -->\n<title>Disclamer - Cal Joli<\/title>\n<meta name=\"robots\" content=\"index, follow, max-snippet:-1, max-image-preview:large, max-video-preview:-1\" \/>\n<link rel=\"canonical\" href=\"https:\/\/caljoli.com\/ca\/disclamer\/\" \/>\n<meta property=\"og:locale\" content=\"ca_ES\" \/>\n<meta property=\"og:type\" content=\"article\" \/>\n<meta property=\"og:title\" content=\"Disclamer - Cal Joli\" \/>\n<meta property=\"og:description\" content=\"Bookings Check-in\/Check-out Tenim&nbsp;una estada m\u00ednima de 2 nits. L\u2019hora del Check-in comen\u00e7a a les 17h. L\u2019hora del Check out \u00e9s a les 10:00h Tarifa Els preus estan en euros i inclouen tots els impostos i servei de neteja. Pol\u00edtica de pagament El 50% del total s\u2019ha d\u2019efectuar per transfer\u00e8ncia banc\u00e0ria m\u00e9s una fian\u00e7a de danys [&hellip;]\" \/>\n<meta property=\"og:url\" content=\"https:\/\/caljoli.com\/ca\/disclamer\/\" \/>\n<meta property=\"og:site_name\" content=\"Cal Joli\" \/>\n<meta property=\"article:modified_time\" content=\"2022-05-11T06:33:13+00:00\" \/>\n<meta name=\"twitter:card\" content=\"summary_large_image\" \/>\n<meta name=\"twitter:label1\" content=\"Temps estimat de lectura\" \/>\n\t<meta name=\"twitter:data1\" content=\"2 minuts\" \/>\n<script type=\"application\/ld+json\" class=\"yoast-schema-graph\">{\"@context\":\"https:\/\/schema.org\",\"@graph\":[{\"@type\":\"WebPage\",\"@id\":\"https:\/\/caljoli.com\/ca\/disclamer\/\",\"url\":\"https:\/\/caljoli.com\/ca\/disclamer\/\",\"name\":\"Disclamer - Cal Joli\",\"isPartOf\":{\"@id\":\"https:\/\/caljoli.com\/ca\/#website\"},\"datePublished\":\"2022-05-09T16:00:18+00:00\",\"dateModified\":\"2022-05-11T06:33:13+00:00\",\"breadcrumb\":{\"@id\":\"https:\/\/caljoli.com\/ca\/disclamer\/#breadcrumb\"},\"inLanguage\":\"ca\",\"potentialAction\":[{\"@type\":\"ReadAction\",\"target\":[\"https:\/\/caljoli.com\/ca\/disclamer\/\"]}]},{\"@type\":\"BreadcrumbList\",\"@id\":\"https:\/\/caljoli.com\/ca\/disclamer\/#breadcrumb\",\"itemListElement\":[{\"@type\":\"ListItem\",\"position\":1,\"name\":\"Home\",\"item\":\"https:\/\/caljoli.com\/ca\/\"},{\"@type\":\"ListItem\",\"position\":2,\"name\":\"Disclamer\"}]},{\"@type\":\"WebSite\",\"@id\":\"https:\/\/caljoli.com\/ca\/#website\",\"url\":\"https:\/\/caljoli.com\/ca\/\",\"name\":\"Cal Joli\",\"description\":\"\",\"potentialAction\":[{\"@type\":\"SearchAction\",\"target\":{\"@type\":\"EntryPoint\",\"urlTemplate\":\"https:\/\/caljoli.com\/ca\/?s={search_term_string}\"},\"query-input\":{\"@type\":\"PropertyValueSpecification\",\"valueRequired\":true,\"valueName\":\"search_term_string\"}}],\"inLanguage\":\"ca\"}]}<\/script>\n<!-- \/ Yoast SEO plugin. -->","yoast_head_json":{"title":"Disclamer - Cal Joli","robots":{"index":"index","follow":"follow","max-snippet":"max-snippet:-1","max-image-preview":"max-image-preview:large","max-video-preview":"max-video-preview:-1"},"canonical":"https:\/\/caljoli.com\/ca\/disclamer\/","og_locale":"ca_ES","og_type":"article","og_title":"Disclamer - Cal Joli","og_description":"Bookings Check-in\/Check-out Tenim&nbsp;una estada m\u00ednima de 2 nits. L\u2019hora del Check-in comen\u00e7a a les 17h. L\u2019hora del Check out \u00e9s a les 10:00h Tarifa Els preus estan en euros i inclouen tots els impostos i servei de neteja. Pol\u00edtica de pagament El 50% del total s\u2019ha d\u2019efectuar per transfer\u00e8ncia banc\u00e0ria m\u00e9s una fian\u00e7a de danys [&hellip;]","og_url":"https:\/\/caljoli.com\/ca\/disclamer\/","og_site_name":"Cal Joli","article_modified_time":"2022-05-11T06:33:13+00:00","twitter_card":"summary_large_image","twitter_misc":{"Temps estimat de lectura":"2 minuts"},"schema":{"@context":"https:\/\/schema.org","@graph":[{"@type":"WebPage","@id":"https:\/\/caljoli.com\/ca\/disclamer\/","url":"https:\/\/caljoli.com\/ca\/disclamer\/","name":"Disclamer - Cal Joli","isPartOf":{"@id":"https:\/\/caljoli.com\/ca\/#website"},"datePublished":"2022-05-09T16:00:18+00:00","dateModified":"2022-05-11T06:33:13+00:00","breadcrumb":{"@id":"https:\/\/caljoli.com\/ca\/disclamer\/#breadcrumb"},"inLanguage":"ca","potentialAction":[{"@type":"ReadAction","target":["https:\/\/caljoli.com\/ca\/disclamer\/"]}]},{"@type":"BreadcrumbList","@id":"https:\/\/caljoli.com\/ca\/disclamer\/#breadcrumb","itemListElement":[{"@type":"ListItem","position":1,"name":"Home","item":"https:\/\/caljoli.com\/ca\/"},{"@type":"ListItem","position":2,"name":"Disclamer"}]},{"@type":"WebSite","@id":"https:\/\/caljoli.com\/ca\/#website","url":"https:\/\/caljoli.com\/ca\/","name":"Cal Joli","description":"","potentialAction":[{"@type":"SearchAction","target":{"@type":"EntryPoint","urlTemplate":"https:\/\/caljoli.com\/ca\/?s={search_term_string}"},"query-input":{"@type":"PropertyValueSpecification","valueRequired":true,"valueName":"search_term_string"}}],"inLanguage":"ca"}]}},"_links":{"self":[{"href":"https:\/\/caljoli.com\/ca\/wp-json\/wp\/v2\/pages\/1768","targetHints":{"allow":["GET"]}}],"collection":[{"href":"https:\/\/caljoli.com\/ca\/wp-json\/wp\/v2\/pages"}],"about":[{"href":"https:\/\/caljoli.com\/ca\/wp-json\/wp\/v2\/types\/page"}],"author":[{"embeddable":true,"href":"https:\/\/caljoli.com\/ca\/wp-json\/wp\/v2\/users\/1"}],"replies":[{"embeddable":true,"href":"https:\/\/caljoli.com\/ca\/wp-json\/wp\/v2\/comments?post=1768"}],"version-history":[{"count":38,"href":"https:\/\/caljoli.com\/ca\/wp-json\/wp\/v2\/pages\/1768\/revisions"}],"predecessor-version":[{"id":3454,"href":"https:\/\/caljoli.com\/ca\/wp-json\/wp\/v2\/pages\/1768\/revisions\/3454"}],"wp:attachment":[{"href":"https:\/\/caljoli.com\/ca\/wp-json\/wp\/v2\/media?parent=1768"}],"curies":[{"name":"wp","href":"https:\/\/api.w.org\/{rel}","templated":true}]}}