{"id":49,"date":"2022-03-15T17:27:38","date_gmt":"2022-03-15T17:27:38","guid":{"rendered":"http:\/\/caljoli.com\/?page_id=49"},"modified":"2022-05-10T21:21:45","modified_gmt":"2022-05-10T21:21:45","slug":"nosaltres","status":"publish","type":"page","link":"https:\/\/caljoli.com\/ca\/nosaltres\/","title":{"rendered":"Nosaltres"},"content":{"rendered":"\t\t<div data-elementor-type=\"wp-page\" data-elementor-id=\"49\" class=\"elementor elementor-49\" data-elementor-post-type=\"page\">\n\t\t\t\t\t\t<section class=\"elementor-section elementor-top-section elementor-element elementor-element-cc5aed2 elementor-section-full_width elementor-section-height-default elementor-section-height-default\" data-id=\"cc5aed2\" data-element_type=\"section\" data-settings=\"{&quot;background_background&quot;:&quot;classic&quot;}\">\n\t\t\t\t\t\t<div class=\"elementor-container elementor-column-gap-default\">\n\t\t\t\t\t<div class=\"elementor-column elementor-col-100 elementor-top-column elementor-element elementor-element-e7e882f\" data-id=\"e7e882f\" data-element_type=\"column\">\n\t\t\t<div class=\"elementor-widget-wrap elementor-element-populated\">\n\t\t\t\t\t\t<div class=\"elementor-element elementor-element-06f222e elementor-widget elementor-widget-heading\" data-id=\"06f222e\" data-element_type=\"widget\" data-widget_type=\"heading.default\">\n\t\t\t\t<div class=\"elementor-widget-container\">\n\t\t\t\t\t<h1 class=\"elementor-heading-title elementor-size-default\">Som el V\u00edctor i el Joan, dos germans que hem convertit la casa a on varem n\u00e9ixer en un projecte com\u00fa, Cal Joli.<\/h1>\t\t\t\t<\/div>\n\t\t\t\t<\/div>\n\t\t\t\t\t<\/div>\n\t\t<\/div>\n\t\t\t\t\t<\/div>\n\t\t<\/section>\n\t\t\t\t<section class=\"elementor-section elementor-top-section elementor-element elementor-element-19bd37c elementor-section-full_width elementor-section-height-default elementor-section-height-default\" data-id=\"19bd37c\" data-element_type=\"section\">\n\t\t\t\t\t\t<div class=\"elementor-container elementor-column-gap-default\">\n\t\t\t\t\t<div class=\"elementor-column elementor-col-50 elementor-top-column elementor-element elementor-element-58d1aad\" data-id=\"58d1aad\" data-element_type=\"column\">\n\t\t\t<div class=\"elementor-widget-wrap elementor-element-populated\">\n\t\t\t\t\t\t<div class=\"elementor-element elementor-element-3a0bd8d elementor-widget elementor-widget-image\" data-id=\"3a0bd8d\" data-element_type=\"widget\" data-widget_type=\"image.default\">\n\t\t\t\t<div class=\"elementor-widget-container\">\n\t\t\t\t\t\t\t\t\t\t\t\t\t\t\t<img fetchpriority=\"high\" decoding=\"async\" width=\"715\" height=\"727\" src=\"https:\/\/caljoli.com\/wp-content\/uploads\/2022\/04\/joan-1.jpg\" class=\"attachment-large size-large wp-image-622\" alt=\"\" srcset=\"https:\/\/caljoli.com\/wp-content\/uploads\/2022\/04\/joan-1.jpg 715w, https:\/\/caljoli.com\/wp-content\/uploads\/2022\/04\/joan-1-295x300.jpg 295w\" sizes=\"(max-width: 715px) 100vw, 715px\" \/>\t\t\t\t\t\t\t\t\t\t\t\t\t\t\t<\/div>\n\t\t\t\t<\/div>\n\t\t\t\t\t<\/div>\n\t\t<\/div>\n\t\t\t\t<div class=\"elementor-column elementor-col-50 elementor-top-column elementor-element elementor-element-193ca8b\" data-id=\"193ca8b\" data-element_type=\"column\" data-settings=\"{&quot;background_background&quot;:&quot;classic&quot;}\">\n\t\t\t<div class=\"elementor-widget-wrap elementor-element-populated\">\n\t\t\t\t\t\t<div class=\"elementor-element elementor-element-7a3384d elementor-widget elementor-widget-text-editor\" data-id=\"7a3384d\" data-element_type=\"widget\" data-widget_type=\"text-editor.default\">\n\t\t\t\t<div class=\"elementor-widget-container\">\n\t\t\t\t\t\t\t\t\t<p>Vivim al Pened\u00e8s, una regi\u00f3 desconeguda per molta gent.\u00a0Estar en situaci\u00f3 privilegiada amb el mar i la muntanya a prop, ser ambaixadors de cultura del vi o tenir una gran oferta de gastron\u00f2mica d\u2019arrel mediterr\u00e0nia fa que Cal Joli i el seu entorn siguin una destinaci\u00f3 perfecte tant pels viatgers que visiten Catalunya per primera vegada com pels que nom\u00e9s han estat a les ciutats m\u00e9s t\u00edpiques del pa\u00eds.<\/p>\t\t\t\t\t\t\t\t<\/div>\n\t\t\t\t<\/div>\n\t\t\t\t<div class=\"elementor-element elementor-element-ae21032 elementor-widget elementor-widget-text-editor\" data-id=\"ae21032\" data-element_type=\"widget\" data-widget_type=\"text-editor.default\">\n\t\t\t\t<div class=\"elementor-widget-container\">\n\t\t\t\t\t\t\t\t\t<p>Ens agrada pensar que nosaltres som el vincle que uneix els viatgers amb la cultura, l\u2019art, la gastronomia i el vi de la nostra zona. \u00c9s per aix\u00f2 ens sentim responsables de difondre un turisme sostenible, que pugui perdurar en el temps sense malmetre l&#8217;entorn ni la gent que hi viu.<\/p>\t\t\t\t\t\t\t\t<\/div>\n\t\t\t\t<\/div>\n\t\t\t\t\t<\/div>\n\t\t<\/div>\n\t\t\t\t\t<\/div>\n\t\t<\/section>\n\t\t\t\t<\/div>\n\t\t","protected":false},"excerpt":{"rendered":"<p>Som el V\u00edctor i el Joan, dos germans que hem convertit la casa a on varem n\u00e9ixer en un projecte com\u00fa, Cal Joli. Vivim al Pened\u00e8s, una regi\u00f3 desconeguda per molta gent.\u00a0Estar en situaci\u00f3 privilegiada amb el mar i la muntanya a prop, ser ambaixadors de cultura del vi o tenir una gran oferta de [&hellip;]<\/p>\n","protected":false},"author":6,"featured_media":0,"parent":0,"menu_order":0,"comment_status":"closed","ping_status":"closed","template":"","meta":{"footnotes":""},"class_list":["post-49","page","type-page","status-publish","hentry"],"acf":[],"yoast_head":"<!-- This site is optimized with the Yoast SEO plugin v23.9 - https:\/\/yoast.com\/wordpress\/plugins\/seo\/ -->\n<title>Nosaltres - Cal Joli<\/title>\n<meta name=\"robots\" content=\"index, follow, max-snippet:-1, max-image-preview:large, max-video-preview:-1\" \/>\n<link rel=\"canonical\" href=\"https:\/\/caljoli.com\/ca\/nosaltres\/\" \/>\n<meta property=\"og:locale\" content=\"ca_ES\" \/>\n<meta property=\"og:type\" content=\"article\" \/>\n<meta property=\"og:title\" content=\"Nosaltres - Cal Joli\" \/>\n<meta property=\"og:description\" content=\"Som el V\u00edctor i el Joan, dos germans que hem convertit la casa a on varem n\u00e9ixer en un projecte com\u00fa, Cal Joli. Vivim al Pened\u00e8s, una regi\u00f3 desconeguda per molta gent.\u00a0Estar en situaci\u00f3 privilegiada amb el mar i la muntanya a prop, ser ambaixadors de cultura del vi o tenir una gran oferta de [&hellip;]\" \/>\n<meta property=\"og:url\" content=\"https:\/\/caljoli.com\/ca\/nosaltres\/\" \/>\n<meta property=\"og:site_name\" content=\"Cal Joli\" \/>\n<meta property=\"article:modified_time\" content=\"2022-05-10T21:21:45+00:00\" \/>\n<meta property=\"og:image\" content=\"http:\/\/caljoli.com\/wp-content\/uploads\/2022\/04\/joan-1.jpg\" \/>\n<meta name=\"twitter:card\" content=\"summary_large_image\" \/>\n<meta name=\"twitter:label1\" content=\"Temps estimat de lectura\" \/>\n\t<meta name=\"twitter:data1\" content=\"1 minut\" \/>\n<script type=\"application\/ld+json\" class=\"yoast-schema-graph\">{\"@context\":\"https:\/\/schema.org\",\"@graph\":[{\"@type\":\"WebPage\",\"@id\":\"https:\/\/caljoli.com\/ca\/nosaltres\/\",\"url\":\"https:\/\/caljoli.com\/ca\/nosaltres\/\",\"name\":\"Nosaltres - Cal Joli\",\"isPartOf\":{\"@id\":\"https:\/\/caljoli.com\/ca\/#website\"},\"primaryImageOfPage\":{\"@id\":\"https:\/\/caljoli.com\/ca\/nosaltres\/#primaryimage\"},\"image\":{\"@id\":\"https:\/\/caljoli.com\/ca\/nosaltres\/#primaryimage\"},\"thumbnailUrl\":\"http:\/\/caljoli.com\/wp-content\/uploads\/2022\/04\/joan-1.jpg\",\"datePublished\":\"2022-03-15T17:27:38+00:00\",\"dateModified\":\"2022-05-10T21:21:45+00:00\",\"breadcrumb\":{\"@id\":\"https:\/\/caljoli.com\/ca\/nosaltres\/#breadcrumb\"},\"inLanguage\":\"ca\",\"potentialAction\":[{\"@type\":\"ReadAction\",\"target\":[\"https:\/\/caljoli.com\/ca\/nosaltres\/\"]}]},{\"@type\":\"ImageObject\",\"inLanguage\":\"ca\",\"@id\":\"https:\/\/caljoli.com\/ca\/nosaltres\/#primaryimage\",\"url\":\"http:\/\/caljoli.com\/wp-content\/uploads\/2022\/04\/joan-1.jpg\",\"contentUrl\":\"http:\/\/caljoli.com\/wp-content\/uploads\/2022\/04\/joan-1.jpg\"},{\"@type\":\"BreadcrumbList\",\"@id\":\"https:\/\/caljoli.com\/ca\/nosaltres\/#breadcrumb\",\"itemListElement\":[{\"@type\":\"ListItem\",\"position\":1,\"name\":\"Home\",\"item\":\"https:\/\/caljoli.com\/ca\/\"},{\"@type\":\"ListItem\",\"position\":2,\"name\":\"Nosaltres\"}]},{\"@type\":\"WebSite\",\"@id\":\"https:\/\/caljoli.com\/ca\/#website\",\"url\":\"https:\/\/caljoli.com\/ca\/\",\"name\":\"Cal Joli\",\"description\":\"\",\"potentialAction\":[{\"@type\":\"SearchAction\",\"target\":{\"@type\":\"EntryPoint\",\"urlTemplate\":\"https:\/\/caljoli.com\/ca\/?s={search_term_string}\"},\"query-input\":{\"@type\":\"PropertyValueSpecification\",\"valueRequired\":true,\"valueName\":\"search_term_string\"}}],\"inLanguage\":\"ca\"}]}<\/script>\n<!-- \/ Yoast SEO plugin. -->","yoast_head_json":{"title":"Nosaltres - Cal Joli","robots":{"index":"index","follow":"follow","max-snippet":"max-snippet:-1","max-image-preview":"max-image-preview:large","max-video-preview":"max-video-preview:-1"},"canonical":"https:\/\/caljoli.com\/ca\/nosaltres\/","og_locale":"ca_ES","og_type":"article","og_title":"Nosaltres - Cal Joli","og_description":"Som el V\u00edctor i el Joan, dos germans que hem convertit la casa a on varem n\u00e9ixer en un projecte com\u00fa, Cal Joli. Vivim al Pened\u00e8s, una regi\u00f3 desconeguda per molta gent.\u00a0Estar en situaci\u00f3 privilegiada amb el mar i la muntanya a prop, ser ambaixadors de cultura del vi o tenir una gran oferta de [&hellip;]","og_url":"https:\/\/caljoli.com\/ca\/nosaltres\/","og_site_name":"Cal Joli","article_modified_time":"2022-05-10T21:21:45+00:00","og_image":[{"url":"http:\/\/caljoli.com\/wp-content\/uploads\/2022\/04\/joan-1.jpg"}],"twitter_card":"summary_large_image","twitter_misc":{"Temps estimat de lectura":"1 minut"},"schema":{"@context":"https:\/\/schema.org","@graph":[{"@type":"WebPage","@id":"https:\/\/caljoli.com\/ca\/nosaltres\/","url":"https:\/\/caljoli.com\/ca\/nosaltres\/","name":"Nosaltres - Cal Joli","isPartOf":{"@id":"https:\/\/caljoli.com\/ca\/#website"},"primaryImageOfPage":{"@id":"https:\/\/caljoli.com\/ca\/nosaltres\/#primaryimage"},"image":{"@id":"https:\/\/caljoli.com\/ca\/nosaltres\/#primaryimage"},"thumbnailUrl":"http:\/\/caljoli.com\/wp-content\/uploads\/2022\/04\/joan-1.jpg","datePublished":"2022-03-15T17:27:38+00:00","dateModified":"2022-05-10T21:21:45+00:00","breadcrumb":{"@id":"https:\/\/caljoli.com\/ca\/nosaltres\/#breadcrumb"},"inLanguage":"ca","potentialAction":[{"@type":"ReadAction","target":["https:\/\/caljoli.com\/ca\/nosaltres\/"]}]},{"@type":"ImageObject","inLanguage":"ca","@id":"https:\/\/caljoli.com\/ca\/nosaltres\/#primaryimage","url":"http:\/\/caljoli.com\/wp-content\/uploads\/2022\/04\/joan-1.jpg","contentUrl":"http:\/\/caljoli.com\/wp-content\/uploads\/2022\/04\/joan-1.jpg"},{"@type":"BreadcrumbList","@id":"https:\/\/caljoli.com\/ca\/nosaltres\/#breadcrumb","itemListElement":[{"@type":"ListItem","position":1,"name":"Home","item":"https:\/\/caljoli.com\/ca\/"},{"@type":"ListItem","position":2,"name":"Nosaltres"}]},{"@type":"WebSite","@id":"https:\/\/caljoli.com\/ca\/#website","url":"https:\/\/caljoli.com\/ca\/","name":"Cal Joli","description":"","potentialAction":[{"@type":"SearchAction","target":{"@type":"EntryPoint","urlTemplate":"https:\/\/caljoli.com\/ca\/?s={search_term_string}"},"query-input":{"@type":"PropertyValueSpecification","valueRequired":true,"valueName":"search_term_string"}}],"inLanguage":"ca"}]}},"_links":{"self":[{"href":"https:\/\/caljoli.com\/ca\/wp-json\/wp\/v2\/pages\/49","targetHints":{"allow":["GET"]}}],"collection":[{"href":"https:\/\/caljoli.com\/ca\/wp-json\/wp\/v2\/pages"}],"about":[{"href":"https:\/\/caljoli.com\/ca\/wp-json\/wp\/v2\/types\/page"}],"author":[{"embeddable":true,"href":"https:\/\/caljoli.com\/ca\/wp-json\/wp\/v2\/users\/6"}],"replies":[{"embeddable":true,"href":"https:\/\/caljoli.com\/ca\/wp-json\/wp\/v2\/comments?post=49"}],"version-history":[{"count":45,"href":"https:\/\/caljoli.com\/ca\/wp-json\/wp\/v2\/pages\/49\/revisions"}],"predecessor-version":[{"id":4735,"href":"https:\/\/caljoli.com\/ca\/wp-json\/wp\/v2\/pages\/49\/revisions\/4735"}],"wp:attachment":[{"href":"https:\/\/caljoli.com\/ca\/wp-json\/wp\/v2\/media?parent=49"}],"curies":[{"name":"wp","href":"https:\/\/api.w.org\/{rel}","templated":true}]}}