{"id":2159,"date":"2022-03-15T17:27:38","date_gmt":"2022-03-15T16:27:38","guid":{"rendered":"http:\/\/caljoli.com\/nosotros\/"},"modified":"2022-05-11T08:54:05","modified_gmt":"2022-05-11T07:54:05","slug":"nosotros","status":"publish","type":"page","link":"https:\/\/caljoli.com\/es\/nosotros\/","title":{"rendered":"Nosotros"},"content":{"rendered":"\t\t<div data-elementor-type=\"wp-page\" data-elementor-id=\"2159\" class=\"elementor elementor-2159\" data-elementor-post-type=\"page\">\n\t\t\t\t\t\t<section class=\"elementor-section elementor-top-section elementor-element elementor-element-cc5aed2 elementor-section-full_width elementor-section-height-default elementor-section-height-default\" data-id=\"cc5aed2\" data-element_type=\"section\" data-settings=\"{&quot;background_background&quot;:&quot;classic&quot;}\">\n\t\t\t\t\t\t<div class=\"elementor-container elementor-column-gap-default\">\n\t\t\t\t\t<div class=\"elementor-column elementor-col-100 elementor-top-column elementor-element elementor-element-e7e882f\" data-id=\"e7e882f\" data-element_type=\"column\">\n\t\t\t<div class=\"elementor-widget-wrap elementor-element-populated\">\n\t\t\t\t\t\t<div class=\"elementor-element elementor-element-06f222e elementor-widget elementor-widget-heading\" data-id=\"06f222e\" data-element_type=\"widget\" data-widget_type=\"heading.default\">\n\t\t\t\t<div class=\"elementor-widget-container\">\n\t\t\t\t\t<h1 class=\"elementor-heading-title elementor-size-default\">Somos V\u00edctor y Joan, dos hermanos que hemos convertido la casa donde nacimos en un proyecto com\u00fan, Cal Joli.<\/h1>\t\t\t\t<\/div>\n\t\t\t\t<\/div>\n\t\t\t\t\t<\/div>\n\t\t<\/div>\n\t\t\t\t\t<\/div>\n\t\t<\/section>\n\t\t\t\t<section class=\"elementor-section elementor-top-section elementor-element elementor-element-19bd37c elementor-section-full_width elementor-section-height-default elementor-section-height-default\" data-id=\"19bd37c\" data-element_type=\"section\">\n\t\t\t\t\t\t<div class=\"elementor-container elementor-column-gap-default\">\n\t\t\t\t\t<div class=\"elementor-column elementor-col-50 elementor-top-column elementor-element elementor-element-58d1aad\" data-id=\"58d1aad\" data-element_type=\"column\">\n\t\t\t<div class=\"elementor-widget-wrap elementor-element-populated\">\n\t\t\t\t\t\t<div class=\"elementor-element elementor-element-3a0bd8d elementor-widget elementor-widget-image\" data-id=\"3a0bd8d\" data-element_type=\"widget\" data-widget_type=\"image.default\">\n\t\t\t\t<div class=\"elementor-widget-container\">\n\t\t\t\t\t\t\t\t\t\t\t\t\t\t\t<img fetchpriority=\"high\" decoding=\"async\" width=\"715\" height=\"727\" src=\"https:\/\/caljoli.com\/wp-content\/uploads\/2022\/04\/joan-1.jpg\" class=\"attachment-large size-large wp-image-622\" alt=\"\" srcset=\"https:\/\/caljoli.com\/wp-content\/uploads\/2022\/04\/joan-1.jpg 715w, https:\/\/caljoli.com\/wp-content\/uploads\/2022\/04\/joan-1-295x300.jpg 295w\" sizes=\"(max-width: 715px) 100vw, 715px\" \/>\t\t\t\t\t\t\t\t\t\t\t\t\t\t\t<\/div>\n\t\t\t\t<\/div>\n\t\t\t\t\t<\/div>\n\t\t<\/div>\n\t\t\t\t<div class=\"elementor-column elementor-col-50 elementor-top-column elementor-element elementor-element-193ca8b\" data-id=\"193ca8b\" data-element_type=\"column\" data-settings=\"{&quot;background_background&quot;:&quot;classic&quot;}\">\n\t\t\t<div class=\"elementor-widget-wrap elementor-element-populated\">\n\t\t\t\t\t\t<div class=\"elementor-element elementor-element-7a3384d elementor-widget elementor-widget-text-editor\" data-id=\"7a3384d\" data-element_type=\"widget\" data-widget_type=\"text-editor.default\">\n\t\t\t\t<div class=\"elementor-widget-container\">\n\t\t\t\t\t\t\t\t\t<p>Vivimos en el Pened\u00e8s, una regi\u00f3n desconocida por mucha gente. Estar en situaci\u00f3n privilegiada con el mar y la monta\u00f1a cerca, ser embajadores de cultura del vino o tener una gran oferta de gastronom\u00eda de ra\u00edz mediterr\u00e1nea hace que Cal Joli y su entorno sean un destino perfecto tanto para los viajeros que visitan Catalu\u00f1a por primera vez vez como por los que s\u00f3lo han estado en las ciudades m\u00e1s t\u00edpicas del pa\u00eds. <\/p>\t\t\t\t\t\t\t\t<\/div>\n\t\t\t\t<\/div>\n\t\t\t\t<div class=\"elementor-element elementor-element-ae21032 elementor-widget elementor-widget-text-editor\" data-id=\"ae21032\" data-element_type=\"widget\" data-widget_type=\"text-editor.default\">\n\t\t\t\t<div class=\"elementor-widget-container\">\n\t\t\t\t\t\t\t\t\t<p>Nos gusta pensar que nosotros somos el v\u00ednculo que une a los viajeros con la cultura, el arte, la gastronom\u00eda y el vino de nuestra zona. Por eso nos sentimos responsables de difundir un turismo sostenible, que pueda perdurar en el tiempo sin da\u00f1ar el entorno ni la gente que vive en \u00e9l. <\/p>\t\t\t\t\t\t\t\t<\/div>\n\t\t\t\t<\/div>\n\t\t\t\t\t<\/div>\n\t\t<\/div>\n\t\t\t\t\t<\/div>\n\t\t<\/section>\n\t\t\t\t<\/div>\n\t\t","protected":false},"excerpt":{"rendered":"<p>Somos V\u00edctor y Joan, dos hermanos que hemos convertido la casa donde nacimos en un proyecto com\u00fan, Cal Joli. Vivimos en el Pened\u00e8s, una regi\u00f3n desconocida por mucha gente. Estar en situaci\u00f3n privilegiada con el mar y la monta\u00f1a cerca, ser embajadores de cultura del vino o tener una gran oferta de gastronom\u00eda de ra\u00edz [&hellip;]<\/p>\n","protected":false},"author":6,"featured_media":0,"parent":0,"menu_order":0,"comment_status":"closed","ping_status":"closed","template":"","meta":{"footnotes":""},"class_list":["post-2159","page","type-page","status-publish","hentry"],"acf":[],"yoast_head":"<!-- This site is optimized with the Yoast SEO plugin v23.9 - https:\/\/yoast.com\/wordpress\/plugins\/seo\/ -->\n<title>Nosotros - Cal Joli<\/title>\n<meta name=\"robots\" content=\"index, follow, max-snippet:-1, max-image-preview:large, max-video-preview:-1\" \/>\n<link rel=\"canonical\" href=\"https:\/\/caljoli.com\/es\/nosotros\/\" \/>\n<meta property=\"og:locale\" content=\"es_ES\" \/>\n<meta property=\"og:type\" content=\"article\" \/>\n<meta property=\"og:title\" content=\"Nosotros - Cal Joli\" \/>\n<meta property=\"og:description\" content=\"Somos V\u00edctor y Joan, dos hermanos que hemos convertido la casa donde nacimos en un proyecto com\u00fan, Cal Joli. Vivimos en el Pened\u00e8s, una regi\u00f3n desconocida por mucha gente. Estar en situaci\u00f3n privilegiada con el mar y la monta\u00f1a cerca, ser embajadores de cultura del vino o tener una gran oferta de gastronom\u00eda de ra\u00edz [&hellip;]\" \/>\n<meta property=\"og:url\" content=\"https:\/\/caljoli.com\/es\/nosotros\/\" \/>\n<meta property=\"og:site_name\" content=\"Cal Joli\" \/>\n<meta property=\"article:modified_time\" content=\"2022-05-11T07:54:05+00:00\" \/>\n<meta property=\"og:image\" content=\"http:\/\/caljoli.com\/wp-content\/uploads\/2022\/04\/joan-1.jpg\" \/>\n<meta name=\"twitter:card\" content=\"summary_large_image\" \/>\n<meta name=\"twitter:label1\" content=\"Tiempo de lectura\" \/>\n\t<meta name=\"twitter:data1\" content=\"1 minuto\" \/>\n<script type=\"application\/ld+json\" class=\"yoast-schema-graph\">{\"@context\":\"https:\/\/schema.org\",\"@graph\":[{\"@type\":\"WebPage\",\"@id\":\"https:\/\/caljoli.com\/es\/nosotros\/\",\"url\":\"https:\/\/caljoli.com\/es\/nosotros\/\",\"name\":\"Nosotros - Cal Joli\",\"isPartOf\":{\"@id\":\"https:\/\/caljoli.com\/es\/#website\"},\"primaryImageOfPage\":{\"@id\":\"https:\/\/caljoli.com\/es\/nosotros\/#primaryimage\"},\"image\":{\"@id\":\"https:\/\/caljoli.com\/es\/nosotros\/#primaryimage\"},\"thumbnailUrl\":\"http:\/\/caljoli.com\/wp-content\/uploads\/2022\/04\/joan-1.jpg\",\"datePublished\":\"2022-03-15T16:27:38+00:00\",\"dateModified\":\"2022-05-11T07:54:05+00:00\",\"breadcrumb\":{\"@id\":\"https:\/\/caljoli.com\/es\/nosotros\/#breadcrumb\"},\"inLanguage\":\"es\",\"potentialAction\":[{\"@type\":\"ReadAction\",\"target\":[\"https:\/\/caljoli.com\/es\/nosotros\/\"]}]},{\"@type\":\"ImageObject\",\"inLanguage\":\"es\",\"@id\":\"https:\/\/caljoli.com\/es\/nosotros\/#primaryimage\",\"url\":\"http:\/\/caljoli.com\/wp-content\/uploads\/2022\/04\/joan-1.jpg\",\"contentUrl\":\"http:\/\/caljoli.com\/wp-content\/uploads\/2022\/04\/joan-1.jpg\"},{\"@type\":\"BreadcrumbList\",\"@id\":\"https:\/\/caljoli.com\/es\/nosotros\/#breadcrumb\",\"itemListElement\":[{\"@type\":\"ListItem\",\"position\":1,\"name\":\"Home\",\"item\":\"https:\/\/caljoli.com\/es\/\"},{\"@type\":\"ListItem\",\"position\":2,\"name\":\"Nosotros\"}]},{\"@type\":\"WebSite\",\"@id\":\"https:\/\/caljoli.com\/es\/#website\",\"url\":\"https:\/\/caljoli.com\/es\/\",\"name\":\"Cal Joli\",\"description\":\"\",\"potentialAction\":[{\"@type\":\"SearchAction\",\"target\":{\"@type\":\"EntryPoint\",\"urlTemplate\":\"https:\/\/caljoli.com\/es\/?s={search_term_string}\"},\"query-input\":{\"@type\":\"PropertyValueSpecification\",\"valueRequired\":true,\"valueName\":\"search_term_string\"}}],\"inLanguage\":\"es\"}]}<\/script>\n<!-- \/ Yoast SEO plugin. -->","yoast_head_json":{"title":"Nosotros - Cal Joli","robots":{"index":"index","follow":"follow","max-snippet":"max-snippet:-1","max-image-preview":"max-image-preview:large","max-video-preview":"max-video-preview:-1"},"canonical":"https:\/\/caljoli.com\/es\/nosotros\/","og_locale":"es_ES","og_type":"article","og_title":"Nosotros - Cal Joli","og_description":"Somos V\u00edctor y Joan, dos hermanos que hemos convertido la casa donde nacimos en un proyecto com\u00fan, Cal Joli. Vivimos en el Pened\u00e8s, una regi\u00f3n desconocida por mucha gente. Estar en situaci\u00f3n privilegiada con el mar y la monta\u00f1a cerca, ser embajadores de cultura del vino o tener una gran oferta de gastronom\u00eda de ra\u00edz [&hellip;]","og_url":"https:\/\/caljoli.com\/es\/nosotros\/","og_site_name":"Cal Joli","article_modified_time":"2022-05-11T07:54:05+00:00","og_image":[{"url":"http:\/\/caljoli.com\/wp-content\/uploads\/2022\/04\/joan-1.jpg"}],"twitter_card":"summary_large_image","twitter_misc":{"Tiempo de lectura":"1 minuto"},"schema":{"@context":"https:\/\/schema.org","@graph":[{"@type":"WebPage","@id":"https:\/\/caljoli.com\/es\/nosotros\/","url":"https:\/\/caljoli.com\/es\/nosotros\/","name":"Nosotros - Cal Joli","isPartOf":{"@id":"https:\/\/caljoli.com\/es\/#website"},"primaryImageOfPage":{"@id":"https:\/\/caljoli.com\/es\/nosotros\/#primaryimage"},"image":{"@id":"https:\/\/caljoli.com\/es\/nosotros\/#primaryimage"},"thumbnailUrl":"http:\/\/caljoli.com\/wp-content\/uploads\/2022\/04\/joan-1.jpg","datePublished":"2022-03-15T16:27:38+00:00","dateModified":"2022-05-11T07:54:05+00:00","breadcrumb":{"@id":"https:\/\/caljoli.com\/es\/nosotros\/#breadcrumb"},"inLanguage":"es","potentialAction":[{"@type":"ReadAction","target":["https:\/\/caljoli.com\/es\/nosotros\/"]}]},{"@type":"ImageObject","inLanguage":"es","@id":"https:\/\/caljoli.com\/es\/nosotros\/#primaryimage","url":"http:\/\/caljoli.com\/wp-content\/uploads\/2022\/04\/joan-1.jpg","contentUrl":"http:\/\/caljoli.com\/wp-content\/uploads\/2022\/04\/joan-1.jpg"},{"@type":"BreadcrumbList","@id":"https:\/\/caljoli.com\/es\/nosotros\/#breadcrumb","itemListElement":[{"@type":"ListItem","position":1,"name":"Home","item":"https:\/\/caljoli.com\/es\/"},{"@type":"ListItem","position":2,"name":"Nosotros"}]},{"@type":"WebSite","@id":"https:\/\/caljoli.com\/es\/#website","url":"https:\/\/caljoli.com\/es\/","name":"Cal Joli","description":"","potentialAction":[{"@type":"SearchAction","target":{"@type":"EntryPoint","urlTemplate":"https:\/\/caljoli.com\/es\/?s={search_term_string}"},"query-input":{"@type":"PropertyValueSpecification","valueRequired":true,"valueName":"search_term_string"}}],"inLanguage":"es"}]}},"_links":{"self":[{"href":"https:\/\/caljoli.com\/es\/wp-json\/wp\/v2\/pages\/2159","targetHints":{"allow":["GET"]}}],"collection":[{"href":"https:\/\/caljoli.com\/es\/wp-json\/wp\/v2\/pages"}],"about":[{"href":"https:\/\/caljoli.com\/es\/wp-json\/wp\/v2\/types\/page"}],"author":[{"embeddable":true,"href":"https:\/\/caljoli.com\/es\/wp-json\/wp\/v2\/users\/6"}],"replies":[{"embeddable":true,"href":"https:\/\/caljoli.com\/es\/wp-json\/wp\/v2\/comments?post=2159"}],"version-history":[{"count":10,"href":"https:\/\/caljoli.com\/es\/wp-json\/wp\/v2\/pages\/2159\/revisions"}],"predecessor-version":[{"id":3510,"href":"https:\/\/caljoli.com\/es\/wp-json\/wp\/v2\/pages\/2159\/revisions\/3510"}],"wp:attachment":[{"href":"https:\/\/caljoli.com\/es\/wp-json\/wp\/v2\/media?parent=2159"}],"curies":[{"name":"wp","href":"https:\/\/api.w.org\/{rel}","templated":true}]}}