{"id":2412,"date":"2022-05-09T13:12:40","date_gmt":"2022-05-09T12:12:40","guid":{"rendered":"http:\/\/caljoli.com\/book-now\/"},"modified":"2023-06-26T11:44:07","modified_gmt":"2023-06-26T10:44:07","slug":"book-now","status":"publish","type":"page","link":"https:\/\/caljoli.com\/es\/book-now\/","title":{"rendered":"Reservas"},"content":{"rendered":"\t\t<div data-elementor-type=\"wp-page\" data-elementor-id=\"2412\" class=\"elementor elementor-2412\" data-elementor-post-type=\"page\">\n\t\t\t\t\t\t<section class=\"elementor-section elementor-top-section elementor-element elementor-element-534300e elementor-section-full_width elementor-section-height-default elementor-section-height-default\" data-id=\"534300e\" data-element_type=\"section\">\n\t\t\t\t\t\t<div class=\"elementor-container elementor-column-gap-wider\">\n\t\t\t\t\t<div class=\"elementor-column elementor-col-50 elementor-top-column elementor-element elementor-element-d31e3cd\" data-id=\"d31e3cd\" data-element_type=\"column\">\n\t\t\t<div class=\"elementor-widget-wrap elementor-element-populated\">\n\t\t\t\t\t\t<div class=\"elementor-element elementor-element-38311b8 elementor-widget elementor-widget-heading\" data-id=\"38311b8\" data-element_type=\"widget\" data-widget_type=\"heading.default\">\n\t\t\t\t<div class=\"elementor-widget-container\">\n\t\t\t\t\t<h1 class=\"elementor-heading-title elementor-size-default\">Haz tu reserva<\/h1>\t\t\t\t<\/div>\n\t\t\t\t<\/div>\n\t\t\t\t<div class=\"elementor-element elementor-element-f9a2f6c elementor-button-align-stretch elementor-widget elementor-widget-form\" data-id=\"f9a2f6c\" data-element_type=\"widget\" data-settings=\"{&quot;step_next_label&quot;:&quot;Next&quot;,&quot;step_previous_label&quot;:&quot;Previous&quot;,&quot;button_width&quot;:&quot;100&quot;,&quot;step_type&quot;:&quot;number_text&quot;,&quot;step_icon_shape&quot;:&quot;circle&quot;}\" data-widget_type=\"form.default\">\n\t\t\t\t<div class=\"elementor-widget-container\">\n\t\t\t\t\t\t\t<form class=\"elementor-form\" method=\"post\" name=\"New Form\">\n\t\t\t<input type=\"hidden\" name=\"post_id\" value=\"2412\"\/>\n\t\t\t<input type=\"hidden\" name=\"form_id\" value=\"f9a2f6c\"\/>\n\t\t\t<input type=\"hidden\" name=\"referer_title\" value=\"Cal Joli\" \/>\n\n\t\t\t\n\t\t\t<div class=\"elementor-form-fields-wrapper elementor-labels-above\">\n\t\t\t\t\t\t\t\t<div class=\"elementor-field-type-text elementor-field-group elementor-column elementor-field-group-name elementor-col-50\">\n\t\t\t\t\t\t\t\t\t\t\t\t\t<input size=\"1\" type=\"text\" name=\"form_fields[name]\" id=\"form-field-name\" class=\"elementor-field elementor-size-sm  elementor-field-textual\" placeholder=\"Nombre\">\n\t\t\t\t\t\t\t\t\t\t\t<\/div>\n\t\t\t\t\t\t\t\t<div class=\"elementor-field-type-text elementor-field-group elementor-column elementor-field-group-field_965f68b elementor-col-50\">\n\t\t\t\t\t\t\t\t\t\t\t\t\t<input size=\"1\" type=\"text\" name=\"form_fields[field_965f68b]\" id=\"form-field-field_965f68b\" class=\"elementor-field elementor-size-sm  elementor-field-textual\" placeholder=\"Apellidos\">\n\t\t\t\t\t\t\t\t\t\t\t<\/div>\n\t\t\t\t\t\t\t\t<div class=\"elementor-field-type-email elementor-field-group elementor-column elementor-field-group-field_27c90be elementor-col-50\">\n\t\t\t\t\t\t\t\t\t\t\t\t\t<input size=\"1\" type=\"email\" name=\"form_fields[field_27c90be]\" id=\"form-field-field_27c90be\" class=\"elementor-field elementor-size-sm  elementor-field-textual\" placeholder=\"E-mail\">\n\t\t\t\t\t\t\t\t\t\t\t<\/div>\n\t\t\t\t\t\t\t\t<div class=\"elementor-field-type-select elementor-field-group elementor-column elementor-field-group-field_966708f elementor-col-50\">\n\t\t\t\t\t\t\t<div class=\"elementor-field elementor-select-wrapper remove-before \">\n\t\t\t<div class=\"select-caret-down-wrapper\">\n\t\t\t\t<i aria-hidden=\"true\" class=\"eicon-caret-down\"><\/i>\t\t\t<\/div>\n\t\t\t<select name=\"form_fields[field_966708f]\" id=\"form-field-field_966708f\" class=\"elementor-field-textual elementor-size-sm\">\n\t\t\t\t\t\t\t\t\t<option value=\"N\u00famero d&#039;hu\u00e9spedes\">N\u00famero d&#039;hu\u00e9spedes<\/option>\n\t\t\t\t\t\t\t\t\t<option value=\"1\">1<\/option>\n\t\t\t\t\t\t\t\t\t<option value=\"2\">2<\/option>\n\t\t\t\t\t\t\t\t\t<option value=\"3\">3<\/option>\n\t\t\t\t\t\t\t\t\t<option value=\"4\">4<\/option>\n\t\t\t\t\t\t\t\t\t<option value=\"5\">5<\/option>\n\t\t\t\t\t\t\t\t\t<option value=\"6\">6<\/option>\n\t\t\t\t\t\t\t\t\t<option value=\"7\">7<\/option>\n\t\t\t\t\t\t\t\t\t<option value=\"8\">8<\/option>\n\t\t\t\t\t\t\t\t\t<option value=\"9\">9<\/option>\n\t\t\t\t\t\t\t\t\t<option value=\"10\">10<\/option>\n\t\t\t\t\t\t\t<\/select>\n\t\t<\/div>\n\t\t\t\t\t\t<\/div>\n\t\t\t\t\t\t\t\t<div class=\"elementor-field-type-date elementor-field-group elementor-column elementor-field-group-field_4b44ed9 elementor-col-50\">\n\t\t\t\t\t\t\t\t\t\t\t\t<label for=\"form-field-field_4b44ed9\" class=\"elementor-field-label\">\n\t\t\t\t\t\t\t\tFecha de llegada\t\t\t\t\t\t\t<\/label>\n\t\t\t\t\t\t\n\t\t<input type=\"date\" name=\"form_fields[field_4b44ed9]\" id=\"form-field-field_4b44ed9\" class=\"elementor-field elementor-size-sm  elementor-field-textual elementor-date-field\" placeholder=\"Fecha de llegada\" pattern=\"[0-9]{4}-[0-9]{2}-[0-9]{2}\" min=\"2022-05-11\">\n\t\t\t\t\t\t<\/div>\n\t\t\t\t\t\t\t\t<div class=\"elementor-field-type-date elementor-field-group elementor-column elementor-field-group-field_9336964 elementor-col-50\">\n\t\t\t\t\t\t\t\t\t\t\t\t<label for=\"form-field-field_9336964\" class=\"elementor-field-label\">\n\t\t\t\t\t\t\t\tFecha de salida\t\t\t\t\t\t\t<\/label>\n\t\t\t\t\t\t\n\t\t<input type=\"date\" name=\"form_fields[field_9336964]\" id=\"form-field-field_9336964\" class=\"elementor-field elementor-size-sm  elementor-field-textual elementor-date-field\" placeholder=\"Fecha de salida\" pattern=\"[0-9]{4}-[0-9]{2}-[0-9]{2}\">\n\t\t\t\t\t\t<\/div>\n\t\t\t\t\t\t\t\t<div class=\"elementor-field-type-select elementor-field-group elementor-column elementor-field-group-field_b4826dc elementor-col-100\">\n\t\t\t\t\t\t\t<div class=\"elementor-field elementor-select-wrapper remove-before \">\n\t\t\t<div class=\"select-caret-down-wrapper\">\n\t\t\t\t<i aria-hidden=\"true\" class=\"eicon-caret-down\"><\/i>\t\t\t<\/div>\n\t\t\t<select name=\"form_fields[field_b4826dc]\" id=\"form-field-field_b4826dc\" class=\"elementor-field-textual elementor-size-sm\">\n\t\t\t\t\t\t\t\t\t<option value=\"Desayuno\">Desayuno<\/option>\n\t\t\t\t\t\t\t\t\t<option value=\"Paella Experience\">Paella Experience<\/option>\n\t\t\t\t\t\t\t\t\t<option value=\"4x4 Wine Tour\">4x4 Wine Tour<\/option>\n\t\t\t\t\t\t\t\t\t<option value=\"None\">None<\/option>\n\t\t\t\t\t\t\t\t\t<option value=\"Escoge tu experiencia\">Escoge tu experiencia<\/option>\n\t\t\t\t\t\t\t<\/select>\n\t\t<\/div>\n\t\t\t\t\t\t<\/div>\n\t\t\t\t\t\t\t\t<div class=\"elementor-field-type-textarea elementor-field-group elementor-column elementor-field-group-field_34c3fec elementor-col-100\">\n\t\t\t\t\t<textarea class=\"elementor-field-textual elementor-field  elementor-size-sm\" name=\"form_fields[field_34c3fec]\" id=\"form-field-field_34c3fec\" rows=\"4\" placeholder=\"Comments\"><\/textarea>\t\t\t\t<\/div>\n\t\t\t\t\t\t\t\t<div class=\"elementor-field-group elementor-column elementor-field-type-submit elementor-col-100 e-form__buttons\">\n\t\t\t\t\t<button type=\"submit\" class=\"elementor-button elementor-size-sm\" id=\"enviar\">\n\t\t\t\t\t\t<span >\n\t\t\t\t\t\t\t\t\t\t\t\t\t\t\t<span class=\" elementor-button-icon\">\n\t\t\t\t\t\t\t\t\t\t\t\t\t\t\t\t\t\t\t\t\t\t\t\t\t\t<\/span>\n\t\t\t\t\t\t\t\t\t\t\t\t\t\t\t\t\t\t\t\t\t\t<span class=\"elementor-button-text\">Enviar<\/span>\n\t\t\t\t\t\t\t\t\t\t\t\t\t<\/span>\n\t\t\t\t\t<\/button>\n\t\t\t\t<\/div>\n\t\t\t<\/div>\n\t\t<\/form>\n\t\t\t\t\t\t<\/div>\n\t\t\t\t<\/div>\n\t\t\t\t\t<\/div>\n\t\t<\/div>\n\t\t\t\t<div class=\"elementor-column elementor-col-50 elementor-top-column elementor-element elementor-element-0b4e662\" data-id=\"0b4e662\" data-element_type=\"column\">\n\t\t\t<div class=\"elementor-widget-wrap elementor-element-populated\">\n\t\t\t\t\t\t<div class=\"elementor-element elementor-element-99fd7df elementor-widget elementor-widget-accordion\" data-id=\"99fd7df\" data-element_type=\"widget\" data-widget_type=\"accordion.default\">\n\t\t\t\t<div class=\"elementor-widget-container\">\n\t\t\t\t\t\t\t<div class=\"elementor-accordion\">\n\t\t\t\t\t\t\t<div class=\"elementor-accordion-item\">\n\t\t\t\t\t<div id=\"elementor-tab-title-1611\" class=\"elementor-tab-title\" data-tab=\"1\" role=\"button\" aria-controls=\"elementor-tab-content-1611\" aria-expanded=\"false\">\n\t\t\t\t\t\t\t\t\t\t\t\t\t<span class=\"elementor-accordion-icon elementor-accordion-icon-right\" aria-hidden=\"true\">\n\t\t\t\t\t\t\t\t\t\t\t\t\t\t\t<span class=\"elementor-accordion-icon-closed\"><svg xmlns=\"http:\/\/www.w3.org\/2000\/svg\" xmlns:xlink=\"http:\/\/www.w3.org\/1999\/xlink\" id=\"Layer_1\" x=\"0px\" y=\"0px\" viewBox=\"0 0 33 24\" style=\"enable-background:new 0 0 33 24;\" xml:space=\"preserve\"><style type=\"text\/css\">\t.st0{fill:none;stroke:#FF6D2F;stroke-width:1.5;stroke-linecap:round;stroke-linejoin:round;stroke-miterlimit:10;}<\/style><path class=\"st0\" d=\"M29.1,7.2l-16,0l6-2.4c1.1-0.4,1.6-1.6,1.1-2.6s-1.8-1.3-3-0.9c0,0-7.5,1.9-12.1,4.9l0,0 C4.3,6.8,3.5,7.6,2.8,8.4c-1.1,1.4-1.7,3.1-1.7,5c0,5.1,4.8,9.2,10.7,9.2c0,0,6.7,0,6.7,0c1.2,0,2.2-0.9,2.2-1.9s-1-1.9-2.2-1.9 h-0.2l0.7,0c1.2,0,2.2-0.9,2.2-1.9c0-1.1-1-1.9-2.2-1.9l-0.7,0l1.1,0c1.2,0,2.2-0.9,2.2-1.9s-1-1.9-2.2-1.9h-1.1l10.8,0 c1.2,0,2.2-0.9,2.2-1.9S30.3,7.2,29.1,7.2\"><\/path><\/svg><\/span>\n\t\t\t\t\t\t\t\t<span class=\"elementor-accordion-icon-opened\"><svg xmlns=\"http:\/\/www.w3.org\/2000\/svg\" xmlns:xlink=\"http:\/\/www.w3.org\/1999\/xlink\" id=\"Layer_1\" x=\"0px\" y=\"0px\" viewBox=\"0 0 33 24\" style=\"enable-background:new 0 0 33 24;\" xml:space=\"preserve\"><style type=\"text\/css\">\t.st0{fill:none;stroke:#FF6D2F;stroke-width:1.5;stroke-linecap:round;stroke-linejoin:round;stroke-miterlimit:10;}<\/style><path class=\"st0\" d=\"M3.4,7.2c-1.2,0-2.2,0.9-2.2,1.9s1,1.9,2.2,1.9l10.8,0h-1.1c-1.2,0-2.2,0.9-2.2,1.9s1,1.9,2.2,1.9l1.1,0l-0.7,0 c-1.2,0-2.2,0.9-2.2,1.9c0,1.1,1,1.9,2.2,1.9l0.7,0H14c-1.2,0-2.2,0.9-2.2,1.9s1,1.9,2.2,1.9c0,0,6.7,0,6.7,0 c5.9,0,10.7-4.1,10.7-9.2c0-1.8-0.7-3.6-1.7-5c-0.6-0.8-1.4-1.6-2.3-2.2l0,0c-4.6-3-12.1-4.9-12.1-4.9c-1.2-0.3-2.5,0-3,0.9 s0,2.1,1.1,2.6l6,2.4L3.4,7.2\"><\/path><\/svg><\/span>\n\t\t\t\t\t\t\t\t\t\t\t\t\t\t<\/span>\n\t\t\t\t\t\t\t\t\t\t\t\t<a class=\"elementor-accordion-title\" tabindex=\"0\">Servicios<\/a>\n\t\t\t\t\t<\/div>\n\t\t\t\t\t<div id=\"elementor-tab-content-1611\" class=\"elementor-tab-content elementor-clearfix\" data-tab=\"1\" role=\"region\" aria-labelledby=\"elementor-tab-title-1611\"><p>S\u00e1banas<br \/>\nToallas de ducha<br \/>\nCafetera italiana<br \/>\nNespresso<br \/>\nLavadora<br \/>\nSecador de pelo<br \/>\nMicroondas<br \/>\nBarbacoa<br \/>\nTV (sin antena\/conexi\u00f3n HDMI)<br \/>\nJuegos de Mesa<br \/>\nLibros de lectura<br \/>\nInternet<br \/>\nPiscina<br \/>\nMesa exterior pera 10 personas<\/p>\n<\/div>\n\t\t\t\t<\/div>\n\t\t\t\t\t\t\t<div class=\"elementor-accordion-item\">\n\t\t\t\t\t<div id=\"elementor-tab-title-1612\" class=\"elementor-tab-title\" data-tab=\"2\" role=\"button\" aria-controls=\"elementor-tab-content-1612\" aria-expanded=\"false\">\n\t\t\t\t\t\t\t\t\t\t\t\t\t<span class=\"elementor-accordion-icon elementor-accordion-icon-right\" aria-hidden=\"true\">\n\t\t\t\t\t\t\t\t\t\t\t\t\t\t\t<span class=\"elementor-accordion-icon-closed\"><svg xmlns=\"http:\/\/www.w3.org\/2000\/svg\" xmlns:xlink=\"http:\/\/www.w3.org\/1999\/xlink\" id=\"Layer_1\" x=\"0px\" y=\"0px\" viewBox=\"0 0 33 24\" style=\"enable-background:new 0 0 33 24;\" xml:space=\"preserve\"><style type=\"text\/css\">\t.st0{fill:none;stroke:#FF6D2F;stroke-width:1.5;stroke-linecap:round;stroke-linejoin:round;stroke-miterlimit:10;}<\/style><path class=\"st0\" d=\"M29.1,7.2l-16,0l6-2.4c1.1-0.4,1.6-1.6,1.1-2.6s-1.8-1.3-3-0.9c0,0-7.5,1.9-12.1,4.9l0,0 C4.3,6.8,3.5,7.6,2.8,8.4c-1.1,1.4-1.7,3.1-1.7,5c0,5.1,4.8,9.2,10.7,9.2c0,0,6.7,0,6.7,0c1.2,0,2.2-0.9,2.2-1.9s-1-1.9-2.2-1.9 h-0.2l0.7,0c1.2,0,2.2-0.9,2.2-1.9c0-1.1-1-1.9-2.2-1.9l-0.7,0l1.1,0c1.2,0,2.2-0.9,2.2-1.9s-1-1.9-2.2-1.9h-1.1l10.8,0 c1.2,0,2.2-0.9,2.2-1.9S30.3,7.2,29.1,7.2\"><\/path><\/svg><\/span>\n\t\t\t\t\t\t\t\t<span class=\"elementor-accordion-icon-opened\"><svg xmlns=\"http:\/\/www.w3.org\/2000\/svg\" xmlns:xlink=\"http:\/\/www.w3.org\/1999\/xlink\" id=\"Layer_1\" x=\"0px\" y=\"0px\" viewBox=\"0 0 33 24\" style=\"enable-background:new 0 0 33 24;\" xml:space=\"preserve\"><style type=\"text\/css\">\t.st0{fill:none;stroke:#FF6D2F;stroke-width:1.5;stroke-linecap:round;stroke-linejoin:round;stroke-miterlimit:10;}<\/style><path class=\"st0\" d=\"M3.4,7.2c-1.2,0-2.2,0.9-2.2,1.9s1,1.9,2.2,1.9l10.8,0h-1.1c-1.2,0-2.2,0.9-2.2,1.9s1,1.9,2.2,1.9l1.1,0l-0.7,0 c-1.2,0-2.2,0.9-2.2,1.9c0,1.1,1,1.9,2.2,1.9l0.7,0H14c-1.2,0-2.2,0.9-2.2,1.9s1,1.9,2.2,1.9c0,0,6.7,0,6.7,0 c5.9,0,10.7-4.1,10.7-9.2c0-1.8-0.7-3.6-1.7-5c-0.6-0.8-1.4-1.6-2.3-2.2l0,0c-4.6-3-12.1-4.9-12.1-4.9c-1.2-0.3-2.5,0-3,0.9 s0,2.1,1.1,2.6l6,2.4L3.4,7.2\"><\/path><\/svg><\/span>\n\t\t\t\t\t\t\t\t\t\t\t\t\t\t<\/span>\n\t\t\t\t\t\t\t\t\t\t\t\t<a class=\"elementor-accordion-title\" tabindex=\"0\">Normas de la casa<\/a>\n\t\t\t\t\t<\/div>\n\t\t\t\t\t<div id=\"elementor-tab-content-1612\" class=\"elementor-tab-content elementor-clearfix\" data-tab=\"2\" role=\"region\" aria-labelledby=\"elementor-tab-title-1612\"><p>Las condiciones de cancelaci\u00f3n y pagamiento con antelaci\u00f3n varian seg\u00fan el tipo de alojamiento<\/p>\n<p>Dip\u00f3sito de 300\u20ac al llegar a la casa Tendr\u00e1s que pagarlo en efectivo Se te devolver\u00e1 el dip\u00f3sito en el check out Despu\u00e9s de revisar el alojamiento y de ver que todo esta correcto se te devolver\u00e1 el dip\u00f3sito<\/p>\n<p>Se pueden alojar beb\u00e9s. Disponemos de cuna.<\/p>\n<p>No se puede fumar<\/p>\n<p>No se pueden celebrar fiestas ni eventos.<\/p>\n<p>Aceptamos animales No comportan ning\u00fan suplemento.<\/p>\n<\/div>\n<\/div>\n\t\t\t\t<\/div>\n\t\t\t\t\t\t\t\t<\/div>\n\t\t\t\t\t\t<\/div>\n\t\t\t\t<\/div>\n\t\t\t\t\t<\/div>\n\t\t<\/div>\n\t\t\t\t\t<\/div>\n\t\t<\/section>\n\t\t\t\t<\/div>\n\t\t","protected":false},"excerpt":{"rendered":"<p>Haz tu reserva Servicios S\u00e1banas Toallas de ducha Cafetera italiana Nespresso Lavadora Secador de pelo Microondas Barbacoa TV (sin antena\/conexi\u00f3n HDMI) Juegos de Mesa Libros de lectura Internet Piscina Mesa exterior pera 10 personas Normas de la casa Las condiciones de cancelaci\u00f3n y pagamiento con antelaci\u00f3n varian seg\u00fan el tipo de alojamiento Dip\u00f3sito de 300\u20ac [&hellip;]<\/p>\n","protected":false},"author":1,"featured_media":0,"parent":0,"menu_order":0,"comment_status":"closed","ping_status":"closed","template":"","meta":{"footnotes":""},"class_list":["post-2412","page","type-page","status-publish","hentry"],"acf":[],"yoast_head":"<!-- This site is optimized with the Yoast SEO plugin v23.9 - https:\/\/yoast.com\/wordpress\/plugins\/seo\/ -->\n<title>Reservas - Cal Joli<\/title>\n<meta name=\"robots\" content=\"index, follow, max-snippet:-1, max-image-preview:large, max-video-preview:-1\" \/>\n<link rel=\"canonical\" href=\"https:\/\/caljoli.com\/es\/book-now\/\" \/>\n<meta property=\"og:locale\" content=\"es_ES\" \/>\n<meta property=\"og:type\" content=\"article\" \/>\n<meta property=\"og:title\" content=\"Reservas - Cal Joli\" \/>\n<meta property=\"og:description\" content=\"Haz tu reserva Servicios S\u00e1banas Toallas de ducha Cafetera italiana Nespresso Lavadora Secador de pelo Microondas Barbacoa TV (sin antena\/conexi\u00f3n HDMI) Juegos de Mesa Libros de lectura Internet Piscina Mesa exterior pera 10 personas Normas de la casa Las condiciones de cancelaci\u00f3n y pagamiento con antelaci\u00f3n varian seg\u00fan el tipo de alojamiento Dip\u00f3sito de 300\u20ac [&hellip;]\" \/>\n<meta property=\"og:url\" content=\"https:\/\/caljoli.com\/es\/book-now\/\" \/>\n<meta property=\"og:site_name\" content=\"Cal Joli\" \/>\n<meta property=\"article:modified_time\" content=\"2023-06-26T10:44:07+00:00\" \/>\n<meta name=\"twitter:card\" content=\"summary_large_image\" \/>\n<meta name=\"twitter:label1\" content=\"Tiempo de lectura\" \/>\n\t<meta name=\"twitter:data1\" content=\"1 minuto\" \/>\n<script type=\"application\/ld+json\" class=\"yoast-schema-graph\">{\"@context\":\"https:\/\/schema.org\",\"@graph\":[{\"@type\":\"WebPage\",\"@id\":\"https:\/\/caljoli.com\/es\/book-now\/\",\"url\":\"https:\/\/caljoli.com\/es\/book-now\/\",\"name\":\"Reservas - Cal Joli\",\"isPartOf\":{\"@id\":\"https:\/\/caljoli.com\/es\/#website\"},\"datePublished\":\"2022-05-09T12:12:40+00:00\",\"dateModified\":\"2023-06-26T10:44:07+00:00\",\"breadcrumb\":{\"@id\":\"https:\/\/caljoli.com\/es\/book-now\/#breadcrumb\"},\"inLanguage\":\"es\",\"potentialAction\":[{\"@type\":\"ReadAction\",\"target\":[\"https:\/\/caljoli.com\/es\/book-now\/\"]}]},{\"@type\":\"BreadcrumbList\",\"@id\":\"https:\/\/caljoli.com\/es\/book-now\/#breadcrumb\",\"itemListElement\":[{\"@type\":\"ListItem\",\"position\":1,\"name\":\"Home\",\"item\":\"https:\/\/caljoli.com\/es\/\"},{\"@type\":\"ListItem\",\"position\":2,\"name\":\"Reservas\"}]},{\"@type\":\"WebSite\",\"@id\":\"https:\/\/caljoli.com\/es\/#website\",\"url\":\"https:\/\/caljoli.com\/es\/\",\"name\":\"Cal Joli\",\"description\":\"\",\"potentialAction\":[{\"@type\":\"SearchAction\",\"target\":{\"@type\":\"EntryPoint\",\"urlTemplate\":\"https:\/\/caljoli.com\/es\/?s={search_term_string}\"},\"query-input\":{\"@type\":\"PropertyValueSpecification\",\"valueRequired\":true,\"valueName\":\"search_term_string\"}}],\"inLanguage\":\"es\"}]}<\/script>\n<!-- \/ Yoast SEO plugin. -->","yoast_head_json":{"title":"Reservas - Cal Joli","robots":{"index":"index","follow":"follow","max-snippet":"max-snippet:-1","max-image-preview":"max-image-preview:large","max-video-preview":"max-video-preview:-1"},"canonical":"https:\/\/caljoli.com\/es\/book-now\/","og_locale":"es_ES","og_type":"article","og_title":"Reservas - Cal Joli","og_description":"Haz tu reserva Servicios S\u00e1banas Toallas de ducha Cafetera italiana Nespresso Lavadora Secador de pelo Microondas Barbacoa TV (sin antena\/conexi\u00f3n HDMI) Juegos de Mesa Libros de lectura Internet Piscina Mesa exterior pera 10 personas Normas de la casa Las condiciones de cancelaci\u00f3n y pagamiento con antelaci\u00f3n varian seg\u00fan el tipo de alojamiento Dip\u00f3sito de 300\u20ac [&hellip;]","og_url":"https:\/\/caljoli.com\/es\/book-now\/","og_site_name":"Cal Joli","article_modified_time":"2023-06-26T10:44:07+00:00","twitter_card":"summary_large_image","twitter_misc":{"Tiempo de lectura":"1 minuto"},"schema":{"@context":"https:\/\/schema.org","@graph":[{"@type":"WebPage","@id":"https:\/\/caljoli.com\/es\/book-now\/","url":"https:\/\/caljoli.com\/es\/book-now\/","name":"Reservas - Cal Joli","isPartOf":{"@id":"https:\/\/caljoli.com\/es\/#website"},"datePublished":"2022-05-09T12:12:40+00:00","dateModified":"2023-06-26T10:44:07+00:00","breadcrumb":{"@id":"https:\/\/caljoli.com\/es\/book-now\/#breadcrumb"},"inLanguage":"es","potentialAction":[{"@type":"ReadAction","target":["https:\/\/caljoli.com\/es\/book-now\/"]}]},{"@type":"BreadcrumbList","@id":"https:\/\/caljoli.com\/es\/book-now\/#breadcrumb","itemListElement":[{"@type":"ListItem","position":1,"name":"Home","item":"https:\/\/caljoli.com\/es\/"},{"@type":"ListItem","position":2,"name":"Reservas"}]},{"@type":"WebSite","@id":"https:\/\/caljoli.com\/es\/#website","url":"https:\/\/caljoli.com\/es\/","name":"Cal Joli","description":"","potentialAction":[{"@type":"SearchAction","target":{"@type":"EntryPoint","urlTemplate":"https:\/\/caljoli.com\/es\/?s={search_term_string}"},"query-input":{"@type":"PropertyValueSpecification","valueRequired":true,"valueName":"search_term_string"}}],"inLanguage":"es"}]}},"_links":{"self":[{"href":"https:\/\/caljoli.com\/es\/wp-json\/wp\/v2\/pages\/2412","targetHints":{"allow":["GET"]}}],"collection":[{"href":"https:\/\/caljoli.com\/es\/wp-json\/wp\/v2\/pages"}],"about":[{"href":"https:\/\/caljoli.com\/es\/wp-json\/wp\/v2\/types\/page"}],"author":[{"embeddable":true,"href":"https:\/\/caljoli.com\/es\/wp-json\/wp\/v2\/users\/1"}],"replies":[{"embeddable":true,"href":"https:\/\/caljoli.com\/es\/wp-json\/wp\/v2\/comments?post=2412"}],"version-history":[{"count":26,"href":"https:\/\/caljoli.com\/es\/wp-json\/wp\/v2\/pages\/2412\/revisions"}],"predecessor-version":[{"id":4850,"href":"https:\/\/caljoli.com\/es\/wp-json\/wp\/v2\/pages\/2412\/revisions\/4850"}],"wp:attachment":[{"href":"https:\/\/caljoli.com\/es\/wp-json\/wp\/v2\/media?parent=2412"}],"curies":[{"name":"wp","href":"https:\/\/api.w.org\/{rel}","templated":true}]}}