{"id":2443,"date":"2022-05-09T16:00:18","date_gmt":"2022-05-09T15:00:18","guid":{"rendered":"http:\/\/caljoli.com\/disclamer\/"},"modified":"2022-05-11T13:22:39","modified_gmt":"2022-05-11T12:22:39","slug":"disclaimer","status":"publish","type":"page","link":"https:\/\/caljoli.com\/es\/disclaimer\/","title":{"rendered":"Disclaimer"},"content":{"rendered":"\t\t<div data-elementor-type=\"wp-page\" data-elementor-id=\"2443\" class=\"elementor elementor-2443\" data-elementor-post-type=\"page\">\n\t\t\t\t\t\t<section class=\"elementor-section elementor-top-section elementor-element elementor-element-184ab5b elementor-section-full_width elementor-section-height-default elementor-section-height-default\" data-id=\"184ab5b\" data-element_type=\"section\">\n\t\t\t\t\t\t<div class=\"elementor-container elementor-column-gap-default\">\n\t\t\t\t\t<div class=\"elementor-column elementor-col-50 elementor-top-column elementor-element elementor-element-458dd88\" data-id=\"458dd88\" data-element_type=\"column\">\n\t\t\t<div class=\"elementor-widget-wrap elementor-element-populated\">\n\t\t\t\t\t\t<div class=\"elementor-element elementor-element-8c9f8f4 elementor-widget elementor-widget-heading\" data-id=\"8c9f8f4\" data-element_type=\"widget\" data-widget_type=\"heading.default\">\n\t\t\t\t<div class=\"elementor-widget-container\">\n\t\t\t\t\t<h1 class=\"elementor-heading-title elementor-size-default\">Bookings<\/h1>\t\t\t\t<\/div>\n\t\t\t\t<\/div>\n\t\t\t\t\t<\/div>\n\t\t<\/div>\n\t\t\t\t<div class=\"elementor-column elementor-col-50 elementor-top-column elementor-element elementor-element-4e2d6b7\" data-id=\"4e2d6b7\" data-element_type=\"column\">\n\t\t\t<div class=\"elementor-widget-wrap elementor-element-populated\">\n\t\t\t\t\t\t<div class=\"elementor-element elementor-element-15dfac7 elementor-widget elementor-widget-text-editor\" data-id=\"15dfac7\" data-element_type=\"widget\" data-widget_type=\"text-editor.default\">\n\t\t\t\t<div class=\"elementor-widget-container\">\n\t\t\t\t\t\t\t\t\t<p><u>Check-in\/Check-out<\/u><\/p>\n<p>Tenemos&nbsp;una estancia m\u00ednima de 2 noches. La hora del Check-in comienza a las 17h. La hora del Check out es a las 10:00 h<\/p>\n<p><\/p>\n<p><span style=\"text-decoration: underline;\">Tarifa<\/span><\/p>\n<p>Los precios est\u00e1n en euros e incluyen todos los impuestos y servicio de limpieza.<\/p>\n<p><\/p>\n<p><span style=\"text-decoration: underline;\">Pol\u00edtica de pago<\/span><\/p>\n<p><span style=\"font-weight: 400;\">El 50% del total debe efectuarse por transferencia bancaria m\u00e1s una fianza de da\u00f1os de 300\u20ac. El resto del pago se efect\u00faa a su llegada a Cal Joli el d\u00eda del check-in. La fianza se devolver\u00e1 el d\u00eda del Check-out.<\/span><\/p>\n<p><\/p>\n<p><span style=\"text-decoration: underline;\">Devoluci\u00f3n<\/span><\/p>\n<p><span style=\"font-weight: 400;\">Se devolver\u00e1 todo el importe cuando se cancele la reserva 60 d\u00edas antes del d\u00eda del check-in. Si se cancela entre 30-60 se devolver\u00e1 el 50% de la reserva. Si la reserva se cancela 30 d\u00edas o menos antes de la estancia, no se devolver\u00e1 el importe.<\/span><\/p>\t\t\t\t\t\t\t\t<\/div>\n\t\t\t\t<\/div>\n\t\t\t\t\t<\/div>\n\t\t<\/div>\n\t\t\t\t\t<\/div>\n\t\t<\/section>\n\t\t\t\t<section class=\"elementor-section elementor-top-section elementor-element elementor-element-e5b079b elementor-section-full_width elementor-section-height-default elementor-section-height-default\" data-id=\"e5b079b\" data-element_type=\"section\">\n\t\t\t\t\t\t<div class=\"elementor-container elementor-column-gap-default\">\n\t\t\t\t\t<div class=\"elementor-column elementor-col-50 elementor-top-column elementor-element elementor-element-fd3ee84\" data-id=\"fd3ee84\" data-element_type=\"column\">\n\t\t\t<div class=\"elementor-widget-wrap elementor-element-populated\">\n\t\t\t\t\t\t<div class=\"elementor-element elementor-element-26df8c7 elementor-widget elementor-widget-heading\" data-id=\"26df8c7\" data-element_type=\"widget\" data-widget_type=\"heading.default\">\n\t\t\t\t<div class=\"elementor-widget-container\">\n\t\t\t\t\t<h1 class=\"elementor-heading-title elementor-size-default\">Pol\u00edticas<\/h1>\t\t\t\t<\/div>\n\t\t\t\t<\/div>\n\t\t\t\t\t<\/div>\n\t\t<\/div>\n\t\t\t\t<div class=\"elementor-column elementor-col-50 elementor-top-column elementor-element elementor-element-45d2b33\" data-id=\"45d2b33\" data-element_type=\"column\">\n\t\t\t<div class=\"elementor-widget-wrap elementor-element-populated\">\n\t\t\t\t\t\t<div class=\"elementor-element elementor-element-5dadc67 elementor-widget elementor-widget-text-editor\" data-id=\"5dadc67\" data-element_type=\"widget\" data-widget_type=\"text-editor.default\">\n\t\t\t\t<div class=\"elementor-widget-container\">\n\t\t\t\t\t\t\t\t\t<p><span style=\"text-decoration: underline;\">Disponibilidad y precios<\/span><\/p><p><span style=\"font-weight: 400;\">Cal Joli no se hace responsable legalmente de errores y omisiones en la disponibilidad y precio que se muestran en la web. Sin embargo, si encuentra algo que no es correcto, agradeceremos que nos lo hag\u00e1is saber.<\/span><\/p><p><span style=\"text-decoration: underline;\">Contenido<\/span><\/p><p><span style=\"font-weight: 400;\">Cal Joli no se hace responsable de la informaci\u00f3n basada en datos de terceras personas, as\u00ed como informaci\u00f3n de inter\u00e9s tur\u00edstico, eventos y datos del entorno. Estos datos pueden variar con el tiempo y Cal Joli no se hace responsable.<\/span><\/p><p><span style=\"text-decoration: underline;\">Disponibilidad t\u00e9cnica<\/span><\/p><p><span style=\"font-weight: 400;\">Nos esforzamos por el buen funcionamiento de la web. Si algo no funciona bien haremos todo lo posible por arreglarlo.<\/span><\/p><p><span style=\"text-decoration: underline;\">Protecci\u00f3n de la propiedad intelectual<\/span><\/p><p><span style=\"font-weight: 400;\">Esta web es propiedad intelectual de Cal Joli, La reproducci\u00f3n y\/o distribuci\u00f3n requiere de permiso por escrito de Cal Joli. La utilizaci\u00f3n de la marca Cal Joli, su nombre y logos nos est\u00e1 permitido sin la autorizaci\u00f3n por escrito.<\/span><\/p><p><span style=\"text-decoration: underline;\">Ley aplicable<\/span><\/p><p><span style=\"font-weight: 400;\">La relaci\u00f3n entre Cal Joli y el usuario de esta web se regir\u00e1 por la normativa espa\u00f1ola vigente.<\/span><\/p>\t\t\t\t\t\t\t\t<\/div>\n\t\t\t\t<\/div>\n\t\t\t\t\t<\/div>\n\t\t<\/div>\n\t\t\t\t\t<\/div>\n\t\t<\/section>\n\t\t\t\t<\/div>\n\t\t","protected":false},"excerpt":{"rendered":"<p>Bookings Check-in\/Check-out Tenemos&nbsp;una estancia m\u00ednima de 2 noches. La hora del Check-in comienza a las 17h. La hora del Check out es a las 10:00 h Tarifa Los precios est\u00e1n en euros e incluyen todos los impuestos y servicio de limpieza. Pol\u00edtica de pago El 50% del total debe efectuarse por transferencia bancaria m\u00e1s una [&hellip;]<\/p>\n","protected":false},"author":1,"featured_media":0,"parent":0,"menu_order":0,"comment_status":"closed","ping_status":"closed","template":"","meta":{"footnotes":""},"class_list":["post-2443","page","type-page","status-publish","hentry"],"acf":[],"yoast_head":"<!-- This site is optimized with the Yoast SEO plugin v23.9 - https:\/\/yoast.com\/wordpress\/plugins\/seo\/ -->\n<title>Disclaimer - Cal Joli<\/title>\n<meta name=\"robots\" content=\"index, follow, max-snippet:-1, max-image-preview:large, max-video-preview:-1\" \/>\n<link rel=\"canonical\" href=\"https:\/\/caljoli.com\/es\/disclaimer\/\" \/>\n<meta property=\"og:locale\" content=\"es_ES\" \/>\n<meta property=\"og:type\" content=\"article\" \/>\n<meta property=\"og:title\" content=\"Disclaimer - Cal Joli\" \/>\n<meta property=\"og:description\" content=\"Bookings Check-in\/Check-out Tenemos&nbsp;una estancia m\u00ednima de 2 noches. La hora del Check-in comienza a las 17h. La hora del Check out es a las 10:00 h Tarifa Los precios est\u00e1n en euros e incluyen todos los impuestos y servicio de limpieza. Pol\u00edtica de pago El 50% del total debe efectuarse por transferencia bancaria m\u00e1s una [&hellip;]\" \/>\n<meta property=\"og:url\" content=\"https:\/\/caljoli.com\/es\/disclaimer\/\" \/>\n<meta property=\"og:site_name\" content=\"Cal Joli\" \/>\n<meta property=\"article:modified_time\" content=\"2022-05-11T12:22:39+00:00\" \/>\n<meta name=\"twitter:card\" content=\"summary_large_image\" \/>\n<meta name=\"twitter:label1\" content=\"Tiempo de lectura\" \/>\n\t<meta name=\"twitter:data1\" content=\"2 minutos\" \/>\n<script type=\"application\/ld+json\" class=\"yoast-schema-graph\">{\"@context\":\"https:\/\/schema.org\",\"@graph\":[{\"@type\":\"WebPage\",\"@id\":\"https:\/\/caljoli.com\/es\/disclaimer\/\",\"url\":\"https:\/\/caljoli.com\/es\/disclaimer\/\",\"name\":\"Disclaimer - Cal Joli\",\"isPartOf\":{\"@id\":\"https:\/\/caljoli.com\/es\/#website\"},\"datePublished\":\"2022-05-09T15:00:18+00:00\",\"dateModified\":\"2022-05-11T12:22:39+00:00\",\"breadcrumb\":{\"@id\":\"https:\/\/caljoli.com\/es\/disclaimer\/#breadcrumb\"},\"inLanguage\":\"es\",\"potentialAction\":[{\"@type\":\"ReadAction\",\"target\":[\"https:\/\/caljoli.com\/es\/disclaimer\/\"]}]},{\"@type\":\"BreadcrumbList\",\"@id\":\"https:\/\/caljoli.com\/es\/disclaimer\/#breadcrumb\",\"itemListElement\":[{\"@type\":\"ListItem\",\"position\":1,\"name\":\"Home\",\"item\":\"https:\/\/caljoli.com\/es\/\"},{\"@type\":\"ListItem\",\"position\":2,\"name\":\"Disclaimer\"}]},{\"@type\":\"WebSite\",\"@id\":\"https:\/\/caljoli.com\/es\/#website\",\"url\":\"https:\/\/caljoli.com\/es\/\",\"name\":\"Cal Joli\",\"description\":\"\",\"potentialAction\":[{\"@type\":\"SearchAction\",\"target\":{\"@type\":\"EntryPoint\",\"urlTemplate\":\"https:\/\/caljoli.com\/es\/?s={search_term_string}\"},\"query-input\":{\"@type\":\"PropertyValueSpecification\",\"valueRequired\":true,\"valueName\":\"search_term_string\"}}],\"inLanguage\":\"es\"}]}<\/script>\n<!-- \/ Yoast SEO plugin. -->","yoast_head_json":{"title":"Disclaimer - Cal Joli","robots":{"index":"index","follow":"follow","max-snippet":"max-snippet:-1","max-image-preview":"max-image-preview:large","max-video-preview":"max-video-preview:-1"},"canonical":"https:\/\/caljoli.com\/es\/disclaimer\/","og_locale":"es_ES","og_type":"article","og_title":"Disclaimer - Cal Joli","og_description":"Bookings Check-in\/Check-out Tenemos&nbsp;una estancia m\u00ednima de 2 noches. La hora del Check-in comienza a las 17h. La hora del Check out es a las 10:00 h Tarifa Los precios est\u00e1n en euros e incluyen todos los impuestos y servicio de limpieza. Pol\u00edtica de pago El 50% del total debe efectuarse por transferencia bancaria m\u00e1s una [&hellip;]","og_url":"https:\/\/caljoli.com\/es\/disclaimer\/","og_site_name":"Cal Joli","article_modified_time":"2022-05-11T12:22:39+00:00","twitter_card":"summary_large_image","twitter_misc":{"Tiempo de lectura":"2 minutos"},"schema":{"@context":"https:\/\/schema.org","@graph":[{"@type":"WebPage","@id":"https:\/\/caljoli.com\/es\/disclaimer\/","url":"https:\/\/caljoli.com\/es\/disclaimer\/","name":"Disclaimer - Cal Joli","isPartOf":{"@id":"https:\/\/caljoli.com\/es\/#website"},"datePublished":"2022-05-09T15:00:18+00:00","dateModified":"2022-05-11T12:22:39+00:00","breadcrumb":{"@id":"https:\/\/caljoli.com\/es\/disclaimer\/#breadcrumb"},"inLanguage":"es","potentialAction":[{"@type":"ReadAction","target":["https:\/\/caljoli.com\/es\/disclaimer\/"]}]},{"@type":"BreadcrumbList","@id":"https:\/\/caljoli.com\/es\/disclaimer\/#breadcrumb","itemListElement":[{"@type":"ListItem","position":1,"name":"Home","item":"https:\/\/caljoli.com\/es\/"},{"@type":"ListItem","position":2,"name":"Disclaimer"}]},{"@type":"WebSite","@id":"https:\/\/caljoli.com\/es\/#website","url":"https:\/\/caljoli.com\/es\/","name":"Cal Joli","description":"","potentialAction":[{"@type":"SearchAction","target":{"@type":"EntryPoint","urlTemplate":"https:\/\/caljoli.com\/es\/?s={search_term_string}"},"query-input":{"@type":"PropertyValueSpecification","valueRequired":true,"valueName":"search_term_string"}}],"inLanguage":"es"}]}},"_links":{"self":[{"href":"https:\/\/caljoli.com\/es\/wp-json\/wp\/v2\/pages\/2443","targetHints":{"allow":["GET"]}}],"collection":[{"href":"https:\/\/caljoli.com\/es\/wp-json\/wp\/v2\/pages"}],"about":[{"href":"https:\/\/caljoli.com\/es\/wp-json\/wp\/v2\/types\/page"}],"author":[{"embeddable":true,"href":"https:\/\/caljoli.com\/es\/wp-json\/wp\/v2\/users\/1"}],"replies":[{"embeddable":true,"href":"https:\/\/caljoli.com\/es\/wp-json\/wp\/v2\/comments?post=2443"}],"version-history":[{"count":7,"href":"https:\/\/caljoli.com\/es\/wp-json\/wp\/v2\/pages\/2443\/revisions"}],"predecessor-version":[{"id":3555,"href":"https:\/\/caljoli.com\/es\/wp-json\/wp\/v2\/pages\/2443\/revisions\/3555"}],"wp:attachment":[{"href":"https:\/\/caljoli.com\/es\/wp-json\/wp\/v2\/media?parent=2443"}],"curies":[{"name":"wp","href":"https:\/\/api.w.org\/{rel}","templated":true}]}}