{"id":4681,"date":"2022-09-18T22:39:23","date_gmt":"2022-09-18T21:39:23","guid":{"rendered":"http:\/\/caljoli.com\/reserves\/"},"modified":"2022-09-18T22:51:02","modified_gmt":"2022-09-18T21:51:02","slug":"reserves","status":"publish","type":"page","link":"https:\/\/caljoli.com\/es\/reserves\/","title":{"rendered":"Reservas"},"content":{"rendered":"\t\t<div data-elementor-type=\"wp-page\" data-elementor-id=\"4681\" class=\"elementor elementor-4681\" data-elementor-post-type=\"page\">\n\t\t\t\t\t\t<section class=\"elementor-section elementor-top-section elementor-element elementor-element-6a16083 elementor-section-full_width elementor-section-height-default elementor-section-height-default\" data-id=\"6a16083\" data-element_type=\"section\">\n\t\t\t\t\t\t<div class=\"elementor-container elementor-column-gap-default\">\n\t\t\t\t\t<div class=\"elementor-column elementor-col-100 elementor-top-column elementor-element elementor-element-6807e5e\" data-id=\"6807e5e\" data-element_type=\"column\">\n\t\t\t<div class=\"elementor-widget-wrap\">\n\t\t\t\t\t\t\t<\/div>\n\t\t<\/div>\n\t\t\t\t\t<\/div>\n\t\t<\/section>\n\t\t\t\t<section class=\"elementor-section elementor-top-section elementor-element elementor-element-9826c09 elementor-section-boxed elementor-section-height-default elementor-section-height-default\" data-id=\"9826c09\" data-element_type=\"section\">\n\t\t\t\t\t\t<div class=\"elementor-container elementor-column-gap-default\">\n\t\t\t\t\t<div class=\"elementor-column elementor-col-100 elementor-top-column elementor-element elementor-element-b0e25d6\" data-id=\"b0e25d6\" data-element_type=\"column\">\n\t\t\t<div class=\"elementor-widget-wrap elementor-element-populated\">\n\t\t\t\t\t\t<div class=\"elementor-element elementor-element-f0776a2 booking-form elementor-widget elementor-widget-shortcode\" data-id=\"f0776a2\" data-element_type=\"widget\" data-widget_type=\"shortcode.default\">\n\t\t\t\t<div class=\"elementor-widget-container\">\n\t\t\t\t\t\t\t<div class=\"elementor-shortcode\"><h2 style=\"display: none;\">step 1 <br> \u2014 Select a house<\/h2><p style=\"display: none;\">Choose your preferred casa, and see the current availability.<\/p><nav class=\"houses-overview\"  style=\"display: none;\"><ul class=\"houses-overview__list\"><li class=\"houses-overview__list-item\"><h3 class=\"house-overview__title type-d\">Cal Joli<\/h3><p class=\"house-overview__text type-g\"><\/p><div class=\"house-overview__actions\"><a class=\"button\" target=\"_blank\" href=\"https:\/\/caljoli.com\/es\/home\/cal-joli\/\">Info<\/a><button class=\"house-overview__actions__button button\" data-id=\"697\" data-price=\"350\" data-cost=\"0\" data-title=\"Cal Joli\" data-booked=[{\"booking_to\":\"2022-10-28\",\"booking_form\":\"2022-10-31\"},{\"booking_to\":\"2022-11-25\",\"booking_form\":\"2022-11-27\"},{\"booking_to\":\"2022-12-23\",\"booking_form\":\"2022-12-25\"},{\"booking_to\":\"2023-04-30\",\"booking_form\":\"2023-04-30\"},{\"booking_to\":\"2023-05-01\",\"booking_form\":\"2023-05-05\"},{\"booking_to\":\"2023-06-16\",\"booking_form\":\"2023-06-18\"},{\"booking_to\":\"2023-06-22\",\"booking_form\":\"2023-06-25\"}] data-discount=[{\"price_form\":\"2022-12-31\",\"extra_price_per_x_nights\":\"50\"},{\"price_form\":\"2023-01-08\",\"extra_price_per_x_nights\":\"50\"}]>Select<\/button><\/div><\/li><\/ul><\/nav><div class=\"step\" id=\"availability\"><div class=\"row\"><div class=\"col-md-6\"><h2>Disponibilidad<\/h2><\/div><\/div><div class=\"aviality-wrapper row\"><div class=\"coloumn col-md-6\"><div class=\"calendar\"><div class=\"calendar-header\"><div class=\"year-picker\"><span class=\"year-change\" id=\"prev-year\"><svg class=\"calendar__arrow__icon previous-year\" viewBox=\"0 0 684 512\" xmlns=\"http:\/\/www.w3.org\/2000\/svg\"><path class=\"calendar__arrow__hover-element\" d=\"M256.33,0a69.51,69.51,0,0,0-49.5,20.51l-186,186a70.07,70.07,0,0,0,0,99l186,186a70,70,0,0,0,99,0l35.32-35.32a70.08,70.08,0,0,0,0-99L240,256,341.16,154.84a70.08,70.08,0,0,0,0-99L305.84,20.51A69.55,69.55,0,0,0,256.33,0Z\"><\/path><path class=\"calendar__arrow__hover-element\" d=\"M578.86,0a69.55,69.55,0,0,0-49.51,20.51l-186,186a70.07,70.07,0,0,0,0,99l186,186a70,70,0,0,0,99,0l35.33-35.32a70.1,70.1,0,0,0,0-99L562.53,256,663.69,154.84a70.1,70.1,0,0,0,0-99L628.36,20.51A69.51,69.51,0,0,0,578.86,0Z\"><\/path><path fill=\"currentColor\" d=\"M256.33,38A31.9,31.9,0,0,1,279,47.37L314.3,82.7a32,32,0,0,1,0,45.27L208.91,233.36a32,32,0,0,0,0,45.28L314.3,384a32,32,0,0,1,0,45.27L279,464.63a32,32,0,0,1-45.27,0l-186-186a32,32,0,0,1,0-45.28l186-186A31.9,31.9,0,0,1,256.33,38m0-38a69.51,69.51,0,0,0-49.5,20.51l-186,186a70.07,70.07,0,0,0,0,99l186,186a70,70,0,0,0,99,0l35.32-35.32a70.08,70.08,0,0,0,0-99L240,256,341.16,154.84a70.08,70.08,0,0,0,0-99L305.84,20.51A69.55,69.55,0,0,0,256.33,0Z\"><\/path><path fill=\"currentColor\" d=\"M578.86,38a31.9,31.9,0,0,1,22.63,9.37L636.82,82.7a32,32,0,0,1,0,45.27L531.43,233.36a32,32,0,0,0,0,45.28L636.82,384a32,32,0,0,1,0,45.27l-35.33,35.33a32,32,0,0,1-45.27,0l-186-186a32,32,0,0,1,0-45.28l186-186A31.9,31.9,0,0,1,578.86,38m0-38a69.55,69.55,0,0,0-49.51,20.51l-186,186a70.07,70.07,0,0,0,0,99l186,186a70,70,0,0,0,99,0l35.33-35.32a70.1,70.1,0,0,0,0-99L562.53,256,663.69,154.84a70.1,70.1,0,0,0,0-99L628.36,20.51A69.51,69.51,0,0,0,578.86,0Z\"><\/path><\/svg><\/span><span class=\"month-change\" id=\"prev-month\"><svg aria-hidden=\"true\" class=\"calendar__arrow__icon\" viewBox=\"0 0 14 20\" xmlns=\"http:\/\/www.w3.org\/2000\/svg\"><path class=\"calendar__arrow__hover-element\" d=\"M9,18.1c0.2,0.2,0.6,0.4,0.9,0.4c0.3,0,0.6-0.1,0.9-0.4l1.4-1.4c0.5-0.5,0.5-1.3,0-1.8L8,10.9c-0.5-0.5-0.5-1.3,0-1.8 L12.2,5c0.5-0.5,0.5-1.3,0-1.8l-1.4-1.3c-0.5-0.5-1.3-0.5-1.8,0L1.8,9.1c-0.5,0.5-0.5,1.3,0,1.8L9,18.1z\"><\/path><path fill=\"currentColor\" d=\"M13.2,13.9L9.3,10l3.9-3.9c1.1-1.1,1.1-2.8,0-3.8l-1.4-1.4C10.8-0.2,9-0.2,8,0.9L0.8,8.1c-1.1,1.1-1.1,2.8,0,3.8L8,19.1 c1.1,1.1,2.8,1.1,3.8,0l1.4-1.4c1.1-1,1.2-2.7,0.1-3.8C13.3,13.9,13.3,13.9,13.2,13.9z M12.2,16.7l-1.4,1.4 c-0.2,0.2-0.6,0.4-0.9,0.4c-0.3,0-0.6-0.1-0.9-0.4l-7.2-7.2c-0.5-0.5-0.5-1.3,0-1.8L9,1.9c0.5-0.5,1.3-0.5,1.8,0l1.4,1.4 c0.5,0.5,0.5,1.3,0,1.8L8,9.1c-0.5,0.5-0.5,1.3,0,1.8l4.1,4.1C12.6,15.5,12.6,16.2,12.2,16.7L12.2,16.7z\"><\/path><\/svg><\/span><span class=\"month-picker\" id=\"month-picker\">February<\/span><span id=\"year\">2021<\/span><span class=\"month-change\" id=\"next-month\"><svg aria-hidden=\"true\" class=\"calendar__arrow__icon roted\" viewBox=\"0 0 14 20\" xmlns=\"http:\/\/www.w3.org\/2000\/svg\"><path class=\"calendar__arrow__hover-element\" d=\"M9,18.1c0.2,0.2,0.6,0.4,0.9,0.4c0.3,0,0.6-0.1,0.9-0.4l1.4-1.4c0.5-0.5,0.5-1.3,0-1.8L8,10.9c-0.5-0.5-0.5-1.3,0-1.8 L12.2,5c0.5-0.5,0.5-1.3,0-1.8l-1.4-1.3c-0.5-0.5-1.3-0.5-1.8,0L1.8,9.1c-0.5,0.5-0.5,1.3,0,1.8L9,18.1z\"><\/path><path fill=\"currentColor\" d=\"M13.2,13.9L9.3,10l3.9-3.9c1.1-1.1,1.1-2.8,0-3.8l-1.4-1.4C10.8-0.2,9-0.2,8,0.9L0.8,8.1c-1.1,1.1-1.1,2.8,0,3.8L8,19.1 c1.1,1.1,2.8,1.1,3.8,0l1.4-1.4c1.1-1,1.2-2.7,0.1-3.8C13.3,13.9,13.3,13.9,13.2,13.9z M12.2,16.7l-1.4,1.4 c-0.2,0.2-0.6,0.4-0.9,0.4c-0.3,0-0.6-0.1-0.9-0.4l-7.2-7.2c-0.5-0.5-0.5-1.3,0-1.8L9,1.9c0.5-0.5,1.3-0.5,1.8,0l1.4,1.4 c0.5,0.5,0.5,1.3,0,1.8L8,9.1c-0.5,0.5-0.5,1.3,0,1.8l4.1,4.1C12.6,15.5,12.6,16.2,12.2,16.7L12.2,16.7z\"><\/path><\/svg><\/span><span class=\"year-change\" id=\"next-year\"><svg class=\"calendar__arrow__icon roted\" viewBox=\"0 0 684 512\" xmlns=\"http:\/\/www.w3.org\/2000\/svg\"><path class=\"calendar__arrow__hover-element\" d=\"M256.33,0a69.51,69.51,0,0,0-49.5,20.51l-186,186a70.07,70.07,0,0,0,0,99l186,186a70,70,0,0,0,99,0l35.32-35.32a70.08,70.08,0,0,0,0-99L240,256,341.16,154.84a70.08,70.08,0,0,0,0-99L305.84,20.51A69.55,69.55,0,0,0,256.33,0Z\"><\/path><path class=\"calendar__arrow__hover-element\" d=\"M578.86,0a69.55,69.55,0,0,0-49.51,20.51l-186,186a70.07,70.07,0,0,0,0,99l186,186a70,70,0,0,0,99,0l35.33-35.32a70.1,70.1,0,0,0,0-99L562.53,256,663.69,154.84a70.1,70.1,0,0,0,0-99L628.36,20.51A69.51,69.51,0,0,0,578.86,0Z\"><\/path><path fill=\"currentColor\" d=\"M256.33,38A31.9,31.9,0,0,1,279,47.37L314.3,82.7a32,32,0,0,1,0,45.27L208.91,233.36a32,32,0,0,0,0,45.28L314.3,384a32,32,0,0,1,0,45.27L279,464.63a32,32,0,0,1-45.27,0l-186-186a32,32,0,0,1,0-45.28l186-186A31.9,31.9,0,0,1,256.33,38m0-38a69.51,69.51,0,0,0-49.5,20.51l-186,186a70.07,70.07,0,0,0,0,99l186,186a70,70,0,0,0,99,0l35.32-35.32a70.08,70.08,0,0,0,0-99L240,256,341.16,154.84a70.08,70.08,0,0,0,0-99L305.84,20.51A69.55,69.55,0,0,0,256.33,0Z\"><\/path><path fill=\"currentColor\" d=\"M578.86,38a31.9,31.9,0,0,1,22.63,9.37L636.82,82.7a32,32,0,0,1,0,45.27L531.43,233.36a32,32,0,0,0,0,45.28L636.82,384a32,32,0,0,1,0,45.27l-35.33,35.33a32,32,0,0,1-45.27,0l-186-186a32,32,0,0,1,0-45.28l186-186A31.9,31.9,0,0,1,578.86,38m0-38a69.55,69.55,0,0,0-49.51,20.51l-186,186a70.07,70.07,0,0,0,0,99l186,186a70,70,0,0,0,99,0l35.33-35.32a70.1,70.1,0,0,0,0-99L562.53,256,663.69,154.84a70.1,70.1,0,0,0,0-99L628.36,20.51A69.51,69.51,0,0,0,578.86,0Z\"><\/path><\/svg><\/span><\/div><\/div><div class=\"calendar-body\"><div class=\"calendar-week-day\"><div>M<\/div><div>T<\/div><div>W<\/div><div>T<\/div><div>F<\/div><div>S<\/div><div>S<\/div><\/div><div class=\"calendar-days\"><\/div><\/div><div class=\"month-list\"><\/div><\/div><\/div><div class=\"coloumn col-md-6\"><div class=\"selection-info\"><div class=\"form-row\"><label class=\"form__label\" for=\"start-of-stay\">Fecha de llegada<\/label><input class=\"form__input\" id=\"start-of-stay\" name=\"start-of-stay\" placeholder=\"yyyy-mm-dd\" step=\"1\" type=\"date\" min=\"2026-04-15\" max=\"2032-12-31\"><\/div><div class=\"form-row\"><label class=\"form__label\" for=\"number-of-nights\">N\u00ba de noches<\/label><select class=\"form__select\" id=\"number-of-nights\" name=\"number-of-nights\" disabled><option value=\"3\">2<\/option><option value=\"4\">3<\/option><option value=\"5\">4<\/option><option value=\"6\">5<\/option><option value=\"7\">6<\/option><option value=\"8\">7<\/option><option value=\"9\">8<\/option><option value=\"10\">9<\/option><option value=\"11\">10<\/option><option value=\"12\">11<\/option><option value=\"13\">12<\/option><option value=\"14\">13<\/option><option value=\"15\">14<\/option><\/select><\/div><div class=\"form-row\"><label class=\"form__label\" for=\"number-of-persons\">N\u00ba de personas<\/label><select class=\"form__select\" id=\"number-of-persons\" name=\"number-of-persons\"><option value=\"1\">1<\/option><option value=\"2\">2<\/option><option value=\"3\">3<\/option><option value=\"4\">4<\/option><option value=\"5\">5<\/option><option value=\"6\">6<\/option><option value=\"7\">7<\/option><option value=\"8\">8<\/option><option value=\"9\">9<\/option><option value=\"10\">10<\/option><\/select><\/div><ul aria-hidden=\"true\" class=\"availability-legend\"><li class=\"availability-legend__item availability-legend__item--available\">Disponible<\/li><li class=\"availability-legend__item availability-legend__item--booked\">Reservado<\/li><li class=\"availability-legend__item availability-legend__item--selection\">Seleccionado<\/li><\/ul><button class=\"button\" id=\"see-summery\">Detalle de tu reserva<\/button><\/div><\/div><\/div><\/div><\/div><div class=\"step\" id=\"summary\"><div class=\"summery-wrapper row\"><div class=\"coloumn col-md-6\"><h2>Detalle de tu reserva<\/h2><p>Has realizado la siguiente selecci\u00f3n. Si todo est\u00e1 correcto, puedes proceder a finalizar tu reserva rellenando tu informaci\u00f3n personal.<\/p><a class=\"amenities\" href=\"#amenities\">Amenities<\/a><button class=\"button\" id=\"personal-details-btn\">Informaci\u00f3n personal<\/button><\/div><div class=\"coloumn col-md-6\"><table class=\"reservation-summary type-f\"><tbody><tr style=\"display: none;\"><th class=\"reservation-summary__key\">Casa<\/th><td class=\"reservation-summary__value\" id=\"property-name\">Casa Dois<\/td><\/tr><tr><th class=\"reservation-summary__key\">Check in<\/th><td class=\"reservation-summary__value\" id=\"start_dates\">August 27, 2022<\/td><\/tr><tr><th class=\"reservation-summary__key\">Check out<\/th><td class=\"reservation-summary__value\" id=\"ends_dates\">September 3, 2022<\/td><\/tr><tr><th class=\"reservation-summary__key\">Personas<\/th><td class=\"reservation-summary__value\" id=\"persons\">1 person<\/td><\/tr><tr><th class=\"reservation-summary__key\">Precio<\/th><td class=\"reservation-summary__value\" id=\"total_costs\"><\/td><\/tr>  <th class=\"reservation-summary__key\">Precio Total<\/th><td class=\"reservation-summary__value\" id=\"total_costs_amount\">0<\/td><\/tr><\/tbody><\/table><\/div><\/div><\/div><div class=\"step\" id=\"personal-details\"><div class=\"personal-details-wrapper row\"><div class=\"coloumn col-md-6\"><h2>Informaci\u00f3n personal<\/h2><p>Al rellenar este formulario, estas realizando una solicitud de reserva. Nos pondremos en contacto contigo en un plazo de 24 horas laborables para confirmarla.<\/p><\/div><div class=\"coloumn col-md-6\"><form class=\"form type-f\" id=\"form-elements-book\"><fieldset class=\"form__group\"><div class=\"form__row\"><div class=\"form__label-container type-d\"><label class=\"form__label\" for=\"full-name\">Nombre y Apellidos *<\/label><input class=\"form__input\" id=\"full-name\" name=\"full-name\" type=\"text\"><\/div><\/div><div class=\"form__row\"><div class=\"form__label-container type-d\"><label class=\"form__label\" for=\"email\">E-mail *<\/label><input class=\"form__input\" id=\"email\" name=\"email\" type=\"email\"><\/div><\/div><div class=\"form__row\"><div class=\"form__label-container type-d\"><label class=\"form__label\" for=\"telephone\">Tel\u00e9fono *<\/label><input class=\"form__input\" id=\"telephone\" name=\"telephone\" type=\"text\"><\/div><\/div><div class=\"form__row\"><div class=\"form__label-container type-d\"><label class=\"form__label\" for=\"telephone\">Elige tu experiencia *<\/label><select name=\"choose_experiences\"><option value=\"Desayuno\">Desayuno<\/option><option value=\"Paella Experience\">Paella Experience<\/option><option value=\"4x4 wine tour\">4x4 wine tour<\/option><option value=\"Ninguna\">Ninguna<\/option><\/select><\/div><\/div><div class=\"form__row\"><div class=\"form__label-container type-d\"><label class=\"form__label\" for=\"feedback\">Feedback \/ preguntas<\/label><textarea class=\"form__textarea\" id=\"feedback\" name=\"feedback\"><\/textarea><\/div><\/div><div class=\"form__row\"><div class=\"form__label-container type-d\"><input class=\"form__checkbox__input\" id=\"confirm-request\" name=\"confirm-request\" type=\"checkbox\"><label class=\"form__checkbox__label\" for=\"confirm-request\">Entiendo que se trata de una solicitud de reserva y que mi reserva s\u00f3lo ser\u00e1 v\u00e1lida despu\u00e9s de la confirmaci\u00f3n.<\/label><\/div><\/div><\/fieldset><input id=\"form-property-name\" type=\"hidden\" name=\"property_name\"><input id=\"form-property-book_start\" type=\"hidden\" name=\"book_start_date\"><input id=\"form-property-book_end\" type=\"hidden\" name=\"book_end_date\"><input id=\"form-property-persons\" type=\"hidden\" name=\"person\"><input id=\"form-property-days\" type=\"hidden\" name=\"day_count\"><input id=\"form-property-total\" type=\"hidden\" name=\"total_costs\"><input type=\"hidden\" name=\"action\" value=\"booking_form_submits\"><fieldset class=\"form__group\"><button type=\"submit\" class=\"button\">Solicita una reserva<\/button><\/fieldset><\/form><div class=\"success-sent\">Mensaje enviado correctamente<\/div><\/div><\/div><\/div><\/div>\n\t\t\t\t\t\t<\/div>\n\t\t\t\t<\/div>\n\t\t\t\t\t<\/div>\n\t\t<\/div>\n\t\t\t\t\t<\/div>\n\t\t<\/section>\n\t\t\t\t<\/div>\n\t\t","protected":false},"excerpt":{"rendered":"","protected":false},"author":1,"featured_media":0,"parent":0,"menu_order":0,"comment_status":"closed","ping_status":"closed","template":"","meta":{"footnotes":""},"class_list":["post-4681","page","type-page","status-publish","hentry"],"acf":[],"yoast_head":"<!-- This site is optimized with the Yoast SEO plugin v23.9 - https:\/\/yoast.com\/wordpress\/plugins\/seo\/ -->\n<title>Reservas - Cal Joli<\/title>\n<meta name=\"robots\" content=\"index, follow, max-snippet:-1, max-image-preview:large, max-video-preview:-1\" \/>\n<link rel=\"canonical\" href=\"https:\/\/caljoli.com\/es\/reserves\/\" \/>\n<meta property=\"og:locale\" content=\"es_ES\" \/>\n<meta property=\"og:type\" content=\"article\" \/>\n<meta property=\"og:title\" content=\"Reservas - Cal Joli\" \/>\n<meta property=\"og:url\" content=\"https:\/\/caljoli.com\/es\/reserves\/\" \/>\n<meta property=\"og:site_name\" content=\"Cal Joli\" \/>\n<meta property=\"article:modified_time\" content=\"2022-09-18T21:51:02+00:00\" \/>\n<meta name=\"twitter:card\" content=\"summary_large_image\" \/>\n<script type=\"application\/ld+json\" class=\"yoast-schema-graph\">{\"@context\":\"https:\/\/schema.org\",\"@graph\":[{\"@type\":\"WebPage\",\"@id\":\"https:\/\/caljoli.com\/es\/reserves\/\",\"url\":\"https:\/\/caljoli.com\/es\/reserves\/\",\"name\":\"Reservas - Cal Joli\",\"isPartOf\":{\"@id\":\"https:\/\/caljoli.com\/es\/#website\"},\"datePublished\":\"2022-09-18T21:39:23+00:00\",\"dateModified\":\"2022-09-18T21:51:02+00:00\",\"breadcrumb\":{\"@id\":\"https:\/\/caljoli.com\/es\/reserves\/#breadcrumb\"},\"inLanguage\":\"es\",\"potentialAction\":[{\"@type\":\"ReadAction\",\"target\":[\"https:\/\/caljoli.com\/es\/reserves\/\"]}]},{\"@type\":\"BreadcrumbList\",\"@id\":\"https:\/\/caljoli.com\/es\/reserves\/#breadcrumb\",\"itemListElement\":[{\"@type\":\"ListItem\",\"position\":1,\"name\":\"Home\",\"item\":\"https:\/\/caljoli.com\/es\/\"},{\"@type\":\"ListItem\",\"position\":2,\"name\":\"Reservas\"}]},{\"@type\":\"WebSite\",\"@id\":\"https:\/\/caljoli.com\/es\/#website\",\"url\":\"https:\/\/caljoli.com\/es\/\",\"name\":\"Cal Joli\",\"description\":\"\",\"potentialAction\":[{\"@type\":\"SearchAction\",\"target\":{\"@type\":\"EntryPoint\",\"urlTemplate\":\"https:\/\/caljoli.com\/es\/?s={search_term_string}\"},\"query-input\":{\"@type\":\"PropertyValueSpecification\",\"valueRequired\":true,\"valueName\":\"search_term_string\"}}],\"inLanguage\":\"es\"}]}<\/script>\n<!-- \/ Yoast SEO plugin. -->","yoast_head_json":{"title":"Reservas - Cal Joli","robots":{"index":"index","follow":"follow","max-snippet":"max-snippet:-1","max-image-preview":"max-image-preview:large","max-video-preview":"max-video-preview:-1"},"canonical":"https:\/\/caljoli.com\/es\/reserves\/","og_locale":"es_ES","og_type":"article","og_title":"Reservas - Cal Joli","og_url":"https:\/\/caljoli.com\/es\/reserves\/","og_site_name":"Cal Joli","article_modified_time":"2022-09-18T21:51:02+00:00","twitter_card":"summary_large_image","schema":{"@context":"https:\/\/schema.org","@graph":[{"@type":"WebPage","@id":"https:\/\/caljoli.com\/es\/reserves\/","url":"https:\/\/caljoli.com\/es\/reserves\/","name":"Reservas - Cal Joli","isPartOf":{"@id":"https:\/\/caljoli.com\/es\/#website"},"datePublished":"2022-09-18T21:39:23+00:00","dateModified":"2022-09-18T21:51:02+00:00","breadcrumb":{"@id":"https:\/\/caljoli.com\/es\/reserves\/#breadcrumb"},"inLanguage":"es","potentialAction":[{"@type":"ReadAction","target":["https:\/\/caljoli.com\/es\/reserves\/"]}]},{"@type":"BreadcrumbList","@id":"https:\/\/caljoli.com\/es\/reserves\/#breadcrumb","itemListElement":[{"@type":"ListItem","position":1,"name":"Home","item":"https:\/\/caljoli.com\/es\/"},{"@type":"ListItem","position":2,"name":"Reservas"}]},{"@type":"WebSite","@id":"https:\/\/caljoli.com\/es\/#website","url":"https:\/\/caljoli.com\/es\/","name":"Cal Joli","description":"","potentialAction":[{"@type":"SearchAction","target":{"@type":"EntryPoint","urlTemplate":"https:\/\/caljoli.com\/es\/?s={search_term_string}"},"query-input":{"@type":"PropertyValueSpecification","valueRequired":true,"valueName":"search_term_string"}}],"inLanguage":"es"}]}},"_links":{"self":[{"href":"https:\/\/caljoli.com\/es\/wp-json\/wp\/v2\/pages\/4681","targetHints":{"allow":["GET"]}}],"collection":[{"href":"https:\/\/caljoli.com\/es\/wp-json\/wp\/v2\/pages"}],"about":[{"href":"https:\/\/caljoli.com\/es\/wp-json\/wp\/v2\/types\/page"}],"author":[{"embeddable":true,"href":"https:\/\/caljoli.com\/es\/wp-json\/wp\/v2\/users\/1"}],"replies":[{"embeddable":true,"href":"https:\/\/caljoli.com\/es\/wp-json\/wp\/v2\/comments?post=4681"}],"version-history":[{"count":1,"href":"https:\/\/caljoli.com\/es\/wp-json\/wp\/v2\/pages\/4681\/revisions"}],"predecessor-version":[{"id":4682,"href":"https:\/\/caljoli.com\/es\/wp-json\/wp\/v2\/pages\/4681\/revisions\/4682"}],"wp:attachment":[{"href":"https:\/\/caljoli.com\/es\/wp-json\/wp\/v2\/media?parent=4681"}],"curies":[{"name":"wp","href":"https:\/\/api.w.org\/{rel}","templated":true}]}}